{"id":39873,"date":"2019-11-08T13:24:16","date_gmt":"2019-11-08T12:24:16","guid":{"rendered":"https:\/\/lacolmenatecnologica.com\/politique-en-matiere-de-cookies\/"},"modified":"2023-08-15T11:22:56","modified_gmt":"2023-08-15T09:22:56","slug":"politique-en-matiere-de-cookies","status":"publish","type":"page","link":"https:\/\/lacolmenatecnologica.com\/fr\/politique-en-matiere-de-cookies\/","title":{"rendered":"Politique en mati\u00e8re de cookies"},"content":{"rendered":"\t\t<div data-elementor-type=\"wp-page\" data-elementor-id=\"39873\" class=\"elementor elementor-39873 elementor-8610\" data-elementor-post-type=\"page\">\n\t\t\t\t\t\t<section class=\"elementor-section elementor-top-section elementor-element elementor-element-e6bcecc elementor-section-boxed elementor-section-height-default elementor-section-height-default\" data-id=\"e6bcecc\" data-element_type=\"section\" data-e-type=\"section\" data-settings=\"{&quot;jet_parallax_layout_list&quot;:[]}\">\n\t\t\t\t\t\t<div class=\"elementor-container elementor-column-gap-default\">\n\t\t\t\t\t<div class=\"elementor-column elementor-col-100 elementor-top-column elementor-element elementor-element-b828360\" data-id=\"b828360\" data-element_type=\"column\" data-e-type=\"column\">\n\t\t\t<div class=\"elementor-widget-wrap elementor-element-populated\">\n\t\t\t\t\t\t<div class=\"elementor-element elementor-element-16e6a6f elementor-widget elementor-widget-image\" data-id=\"16e6a6f\" data-element_type=\"widget\" data-e-type=\"widget\" data-widget_type=\"image.default\">\n\t\t\t\t<div class=\"elementor-widget-container\">\n\t\t\t\t\t\t\t\t\t\t\t\t\t\t\t<img decoding=\"async\" src=\"https:\/\/e6xg7yg7k87.exactdn.com\/wp-content\/uploads\/2019\/11\/bee.svg\" class=\"attachment-thumbnail size-thumbnail wp-image-27471\" alt=\"\" \/>\t\t\t\t\t\t\t\t\t\t\t\t\t\t\t<\/div>\n\t\t\t\t<\/div>\n\t\t\t\t<div class=\"elementor-element elementor-element-2f64f61 elementor-widget elementor-widget-text-editor\" data-id=\"2f64f61\" data-element_type=\"widget\" data-e-type=\"widget\" data-widget_type=\"text-editor.default\">\n\t\t\t\t<div class=\"elementor-widget-container\">\n\t\t\t\t\t\t\t\t\t<h2><strong>Politique en mati\u00e8re de cookies<\/strong><\/h2>\n<p>Ce site web utilise des cookies tiers et propres pour vous offrir une meilleure exp\u00e9rience de navigation, pour partager des contenus sur les r\u00e9seaux sociaux et pour nous permettre d&#8217;obtenir des statistiques d&#8217;utilisation.<\/p>\n<p>Vous pouvez emp\u00eacher le t\u00e9l\u00e9chargement de cookies par le biais des param\u00e8tres de votre navigateur, ce qui emp\u00eache les cookies d&#8217;\u00eatre stock\u00e9s sur votre appareil.<\/p>\n<p>En tant que propri\u00e9taire de ce site web, je tiens \u00e0 vous informer que nous n&#8217;utilisons aucune information personnelle provenant des cookies, nous ne faisons que des statistiques g\u00e9n\u00e9rales de visites qui n&#8217;impliquent aucune information personnelle.<\/p>\n<p>Il est tr\u00e8s important que vous lisiez cette politique en mati\u00e8re de cookies et que vous compreniez que si vous continuez \u00e0 naviguer, nous consid\u00e9rerons que vous en acceptez l&#8217;utilisation.<\/p>\n<p>Conform\u00e9ment aux dispositions de l&#8217;article 22.2 de la loi 34\/2002 sur les services de la soci\u00e9t\u00e9 de l&#8217;information et le commerce \u00e9lectronique, si vous continuez \u00e0 naviguer, vous donnerez votre consentement \u00e0 l&#8217;utilisation des m\u00e9canismes susmentionn\u00e9s.<\/p>\n<h3>Entit\u00e9 responsable<\/h3>\n<p>Le responsable de la collecte, du traitement et de l&#8217;utilisation de vos donn\u00e9es personnelles, au sens de la loi sur la protection des donn\u00e9es personnelles, est le site web <a href=\"https:\/\/lacolmenatecnologica.com\/fr\/\" target=\"_blank\" rel=\"noopener\">https:\/\/lacolmenatecnologica.com\/,<\/a> propri\u00e9t\u00e9 de La Colmena Tecnol\u00f3gica, S.L. &#8211; Av. Jos\u00e9 Rodr\u00edguez de la Borbolla Camoy\u00e1n 7, blq. 1 &#8211; 2ND B<br \/>41704 Dos Hermanas, S\u00e9ville, Espagne.<\/p>\n<h3>Qu&#8217;est-ce qu&#8217;un biscuit ?<\/h3>\n<p>Les cookies sont un ensemble de donn\u00e9es qu&#8217;un serveur d\u00e9pose dans le navigateur d&#8217;un utilisateur pour collecter des informations de journal Internet standard et des informations sur le comportement des visiteurs d&#8217;un site web. En d&#8217;autres termes, il s&#8217;agit de petits fichiers texte qui sont stock\u00e9s sur le disque dur de l&#8217;ordinateur et qui sont utilis\u00e9s pour identifier l&#8217;utilisateur lorsqu&#8217;il se connecte \u00e0 nouveau au site web. Son but est d&#8217;enregistrer la visite de l&#8217;utilisateur et de stocker certaines informations. Son utilisation est courante et fr\u00e9quente sur le web, car elle permet aux pages de fonctionner plus efficacement et de mieux personnaliser et analyser le comportement de l&#8217;utilisateur.<\/p>\n<h3>Quels sont les types de cookies ?<\/h3>\n<p>Les cookies utilis\u00e9s sur notre site web sont des cookies de session et de tiers, qui nous permettent de stocker et d&#8217;acc\u00e9der \u00e0 des informations relatives \u00e0 la langue, au type de navigateur utilis\u00e9 et \u00e0 d&#8217;autres caract\u00e9ristiques g\u00e9n\u00e9rales pr\u00e9d\u00e9finies par l&#8217;utilisateur, ainsi que de surveiller et d&#8217;analyser l&#8217;activit\u00e9 r\u00e9alis\u00e9e, dans le but d&#8217;apporter des am\u00e9liorations et de fournir nos services de mani\u00e8re plus efficace et personnalis\u00e9e.<\/p>\n<p>Les cookies, en fonction de leur permanence, peuvent \u00eatre divis\u00e9s en cookies de session ou permanents. Ceux qui expirent lorsque l&#8217;utilisateur ferme le navigateur. Celles qui expirent en fonction de la r\u00e9alisation de l&#8217;objectif pour lequel elles sont utilis\u00e9es (par exemple, pour que l&#8217;utilisateur reste identifi\u00e9 dans les services de La Colmena Tecnol\u00f3gica, S.L.) ou lorsqu&#8217;elles sont supprim\u00e9es manuellement.<\/p>\n<table border=\"0\" width=\"100%\" cellpadding=\"15\">\n<tbody>\n<tr>\n<td>Nom de l&#8217;entreprise<\/td>\n<td>Type<\/td>\n<td>Expiration<\/td>\n<td>Objectif<\/td>\n<td>Classe<\/td>\n<\/tr>\n<tr>\n<td>__utma<\/td>\n<td>Tiers (Google Analytics)<\/td>\n<td>2 ans<\/td>\n<td>Utilis\u00e9 pour distinguer les utilisateurs et les sessions.<\/td>\n<td>Non exempt\u00e9<\/td>\n<\/tr>\n<tr>\n<td>__utmb<\/td>\n<td>Tiers (Google Analytics)<\/td>\n<td>30 minutes<\/td>\n<td>Utilis\u00e9 pour d\u00e9terminer les nouvelles sessions ou visites<\/td>\n<td>Non exempt\u00e9<\/td>\n<\/tr>\n<tr>\n<td>__utmc<\/td>\n<td>Tiers (Google Analytics)<\/td>\n<td>A la fin de la session<\/td>\n<td>Configur\u00e9 pour \u00eatre utilis\u00e9 avec Urchin<\/td>\n<td>Non exempt\u00e9<\/td>\n<\/tr>\n<tr>\n<td>__utmz<\/td>\n<td>Tiers (Google Analytics)<\/td>\n<td>6 mois<\/td>\n<td>Stocke la source ou la campagne qui explique comment l&#8217;utilisateur est arriv\u00e9 sur le site web.<\/td>\n<td>Non exempt\u00e9<\/td>\n<\/tr>\n<\/tbody>\n<\/table>\n<p>En outre, en fonction de leur finalit\u00e9, les cookies peuvent \u00eatre class\u00e9s comme suit :<\/p>\n<h3>Cookies de performance<\/h3>\n<p>Ce type de cookie m\u00e9morise vos pr\u00e9f\u00e9rences pour les outils disponibles dans les services, de sorte que vous n&#8217;ayez pas \u00e0 reconfigurer le service \u00e0 chaque fois que vous le visitez. \u00c0 titre d&#8217;exemple, cette typologie comprend : les r\u00e9glages du volume des lecteurs vid\u00e9o ou audio. Des d\u00e9bits vid\u00e9o compatibles avec votre navigateur. Articles stock\u00e9s dans le &#8220;panier d&#8217;achat&#8221; dans les services de commerce \u00e9lectronique tels que les boutiques.<\/p>\n<h3>Cookies de g\u00e9olocalisation<\/h3>\n<p>Ces cookies sont utilis\u00e9s pour savoir dans quel pays vous vous trouvez lorsque vous demandez un service. Ce cookie est totalement anonyme et n&#8217;est utilis\u00e9 que pour aider \u00e0 cibler le contenu en fonction de votre localisation.<\/p>\n<h3>Cookies d&#8217;enregistrement<\/h3>\n<p>Les cookies d&#8217;enregistrement sont g\u00e9n\u00e9r\u00e9s une fois que l&#8217;utilisateur s&#8217;est enregistr\u00e9 ou connect\u00e9 par la suite, et sont utilis\u00e9s pour vous identifier dans les services aux fins suivantes :<\/p>\n<p>Maintenir l&#8217;identification de l&#8217;utilisateur afin que, s&#8217;il ferme un service, le navigateur ou l&#8217;ordinateur et qu&#8217;il r\u00e9int\u00e8gre le service \u00e0 un autre moment ou un autre jour, il continue d&#8217;\u00eatre identifi\u00e9, facilitant ainsi la navigation sans avoir \u00e0 s&#8217;identifier \u00e0 nouveau. Cette fonctionnalit\u00e9 peut \u00eatre supprim\u00e9e si l&#8217;utilisateur clique sur la fonctionnalit\u00e9 [cerrar sesi\u00f3n], de sorte que ce cookie est supprim\u00e9 et que la prochaine fois que l&#8217;utilisateur se connectera au service, il devra se connecter pour \u00eatre identifi\u00e9.<\/p>\n<p>V\u00e9rifier si l&#8217;utilisateur est autoris\u00e9 \u00e0 acc\u00e9der \u00e0 certains services, par exemple \u00e0 participer \u00e0 un concours.<\/p>\n<p>En outre, certains services peuvent utiliser des connecteurs vers des r\u00e9seaux sociaux tels que Facebook ou Twitter. Lorsque vous vous inscrivez \u00e0 un service avec les identifiants d&#8217;un r\u00e9seau social, vous autorisez le r\u00e9seau social \u00e0 stocker un cookie persistant qui se souvient de votre identit\u00e9 et vous permet d&#8217;acc\u00e9der aux services jusqu&#8217;\u00e0 ce qu&#8217;il expire. L&#8217;utilisateur peut supprimer ce cookie et r\u00e9voquer l&#8217;acc\u00e8s aux services via les r\u00e9seaux sociaux en mettant \u00e0 jour ses pr\u00e9f\u00e9rences dans le r\u00e9seau social concern\u00e9.<\/p>\n<h3>Cookies analytiques<\/h3>\n<p>Chaque fois qu&#8217;un utilisateur visite un service, un outil tiers g\u00e9n\u00e8re un cookie analytique sur l&#8217;ordinateur de l&#8217;utilisateur. Ce cookie, qui n&#8217;est g\u00e9n\u00e9r\u00e9 que pendant la visite, sera utilis\u00e9 lors des prochaines visites aux services de La Colmena Tecnol\u00f3gica, S.L. pour identifier le visiteur de mani\u00e8re anonyme. Les principaux objectifs poursuivis sont les suivants :<\/p>\n<p>Permettre l&#8217;identification anonyme des utilisateurs de la navigation par le biais du cookie (identifie les navigateurs et les appareils, pas les personnes) et donc le comptage approximatif du nombre de visiteurs et de leur \u00e9volution dans le temps.<br \/>Identifier de mani\u00e8re anonyme le contenu le plus visit\u00e9 et donc le plus attractif pour les utilisateurs. Savoir si l&#8217;utilisateur qui acc\u00e8de au site est un nouveau visiteur ou un visiteur r\u00e9gulier.<\/p>\n<p>Important : \u00e0 moins que l&#8217;utilisateur ne d\u00e9cide de s&#8217;inscrire \u00e0 un service de La Colmena Tecnol\u00f3gica, S.L., le cookie ne sera jamais associ\u00e9 \u00e0 des donn\u00e9es personnelles permettant d&#8217;identifier l&#8217;utilisateur. Ces cookies ne seront utilis\u00e9s qu&#8217;\u00e0 des fins statistiques pour aider \u00e0 optimiser l&#8217;exp\u00e9rience de l&#8217;utilisateur sur le site.<\/p>\n<h3>Cookies publicitaires<\/h3>\n<p>Ce type de cookies permet d&#8217;\u00e9tendre l&#8217;information des publicit\u00e9s montr\u00e9es \u00e0 chaque utilisateur anonyme des services de La Colmena Tecnol\u00f3gica, S.L. Entre autres, ils stockent la dur\u00e9e ou la fr\u00e9quence d&#8217;affichage des positions publicitaires, l&#8217;interaction avec celles-ci, ou les mod\u00e8les de navigation et\/ou les comportements de l&#8217;utilisateur, car ils aident \u00e0 former un profil d&#8217;int\u00e9r\u00eat publicitaire. Ils permettent ainsi de proposer une publicit\u00e9 adapt\u00e9e aux int\u00e9r\u00eats de l&#8217;utilisateur.<\/p>\n<h3>Cookies publicitaires de tiers<\/h3>\n<p>Outre la publicit\u00e9 g\u00e9r\u00e9e par les sites web de La Colmena Tecnol\u00f3gica, S.L. dans ses services, les sites web de La Colmena Tecnol\u00f3gica, S.L. offrent aux annonceurs la possibilit\u00e9 de diffuser des publicit\u00e9s par l&#8217;interm\u00e9diaire de tiers (&#8220;Ad-Servers&#8221;). Ainsi, ces tiers peuvent stocker les cookies envoy\u00e9s par les services de La Colmena Tecnol\u00f3gica, S.L. depuis les navigateurs des utilisateurs, ainsi qu&#8217;acc\u00e9der aux donn\u00e9es qui y sont stock\u00e9es.<\/p>\n<p>Les entreprises qui g\u00e9n\u00e8rent ces cookies ont leur propre politique de confidentialit\u00e9. Actuellement, les sites web de La Colmena Tecnol\u00f3gica, S.L. utilisent la plateforme Doubleclick (Google) pour g\u00e9rer ces services. Pour plus d&#8217;informations, veuillez contacter<\/p>\n<p><a href=\"http:\/\/www.google.es\/policies\/privacy\/ads\/#toc-doubleclick\" target=\"_blank\" rel=\"nofollow noopener\">http:\/\/www.google.es\/policies\/privacy\/ads\/#toc-doubleclick<\/a> et a<a href=\"http:\/\/www.google.es\/policies\/privacy\/ads\/\" target=\"_blank\" rel=\"nofollow noopener\">http:\/\/www.google.es\/policies\/privacy\/ads\/.<\/a><\/p>\n<h3>Comment puis-je d\u00e9sactiver les cookies dans mon navigateur ?<\/h3>\n<p>Diff\u00e9rents navigateurs peuvent \u00eatre configur\u00e9s pour avertir l&#8217;utilisateur de la r\u00e9ception de cookies et, s&#8217;il le souhaite, emp\u00eacher leur installation sur l&#8217;ordinateur. De m\u00eame, les utilisateurs peuvent v\u00e9rifier dans leur navigateur les cookies qu&#8217;ils ont install\u00e9s et leur date d&#8217;expiration, et les supprimer.<\/p>\n<p>Pour plus d&#8217;informations, veuillez consulter les instructions et les manuels de votre navigateur :<\/p>\n<p>Pour plus d&#8217;informations sur la gestion des cookies dans Google Chrome<a href=\"https:\/\/support.google.com\/chrome\/answer\/95647?hl=es\" target=\"_blank\" rel=\"nofollow noopener\">: https:\/\/support.google.com\/chrome\/answer\/95647?hl=es<\/a><\/p>\n<p>Pour plus d&#8217;informations sur la gestion des cookies dans Internet Explorer<a href=\"http:\/\/windows.microsoft.com\/es-es\/windows-vista\/cookies-frequently-asked-questions\" target=\"_blank\" rel=\"nofollow noopener\">: http:\/\/windows.microsoft.com\/es-es\/windows-vista\/cookies-frequently-asked-questions<\/a><\/p>\n<p>Pour plus d&#8217;informations sur la gestion des cookies dans Mozilla Firefox<a href=\"http:\/\/support.mozilla.org\/es\/kb\/habilitar-y-deshabilitar-cookies-que-los-sitios-we%20\" target=\"_blank\" rel=\"nofollow noopener\">: http:\/\/support.mozilla.org\/es\/kb\/habilitar-y-deshabilitar-cookies-que-los-sitios-we<\/a><\/p>\n<p>Pour plus d&#8217;informations sur la gestion des cookies dans Safari<a href=\"http:\/\/www.apple.com\/es\/privacy\/use-of-cookies\/%20\" target=\"_blank\" rel=\"nofollow noopener\">: http:\/\/www.apple.com\/es\/privacy\/use-of-cookies\/<\/a><\/p>\n<p>Pour plus d&#8217;informations sur la gestion des cookies, voir Opera<a href=\"http:\/\/help.opera.com\/Windows\/11.50\/es-ES\/cookies.html\" target=\"_blank\" rel=\"nofollow noopener\">:http:\/\/help.opera.com\/Windows\/11.50\/es-ES\/cookies.html<\/a><\/p>\n<p>Si vous souhaitez ne plus \u00eatre suivi par Google Analytics, rendez-vous \u00e0 l&#8217;adresse<a href=\"http:\/\/tools.google.com\/dlpage\/gaoptout\" target=\"_blank\" rel=\"nofollow noopener\">suivante : http:\/\/tools.google.com\/dlpage\/gaoptout<\/a><\/p>\n<h3>Pour en savoir plus sur les cookies<\/h3>\n<p>Pour en savoir plus sur la publicit\u00e9 comportementale en ligne et la protection de la vie priv\u00e9e, consultez le lien suivant<a href=\"http:\/\/www.youronlinechoices.com\/es\/\" target=\"_blank\" rel=\"nofollow noopener\">: http:\/\/www.youronlinechoices.com\/es\/<\/a><\/p>\n<p>Protection des donn\u00e9es de Google Analytics<a href=\"http:\/\/www.google.com\/analytics\/learn\/privacy.html\" target=\"_blank\" rel=\"nofollow noopener\">: http:\/\/www.google.com\/analytics\/learn\/privacy.html<\/a><\/p>\n<p>Comment Google Analytics utilise les cookies<a href=\"https:\/\/developers.google.com\/analytics\/devguides\/collection\/analyticsjs\/cookie-usage?hl=es#analyticsjs\" target=\"_blank\" rel=\"nofollow noopener\">: https:\/\/developers.google.com\/analytics\/devguides\/collection\/analyticsjs\/cookie-usage?hl=es#analyticsjs<\/a><\/p>\n<h3>Mises \u00e0 jour et modifications de la politique de confidentialit\u00e9\/cookie<\/h3>\n<p>Les sites web de La Colmena Tecnol\u00f3gica, S.L. peuvent modifier cette Politique de Cookies en fonction des exigences l\u00e9gislatives ou r\u00e9glementaires, ou dans le but d&#8217;adapter cette politique aux instructions \u00e9mises par l&#8217;Agence Espagnole de Protection des Donn\u00e9es, c&#8217;est pourquoi il est conseill\u00e9 aux utilisateurs de la consulter p\u00e9riodiquement.<\/p>\n<p>Lorsque des modifications importantes sont apport\u00e9es \u00e0 la pr\u00e9sente politique en mati\u00e8re de cookies, elles sont communiqu\u00e9es aux utilisateurs soit par le biais du site web, soit par courrier \u00e9lectronique aux utilisateurs enregistr\u00e9s.<\/p>\n\t\t\t\t\t\t\t\t<\/div>\n\t\t\t\t<\/div>\n\t\t\t\t\t<\/div>\n\t\t<\/div>\n\t\t\t\t\t<\/div>\n\t\t<\/section>\n\t\t\t\t<\/div>\n\t\t","protected":false},"excerpt":{"rendered":"<p>Politique en mati\u00e8re de cookies Ce site web utilise des cookies tiers et propres pour vous offrir une meilleure exp\u00e9rience de navigation, pour partager des contenus sur les r\u00e9seaux sociaux et pour nous permettre d&#8217;obtenir des statistiques d&#8217;utilisation. Vous pouvez emp\u00eacher le t\u00e9l\u00e9chargement de cookies par le biais des param\u00e8tres de votre navigateur, ce qui [&hellip;]<\/p>\n","protected":false},"author":6,"featured_media":0,"parent":0,"menu_order":0,"comment_status":"closed","ping_status":"closed","template":"","meta":{"_seopress_robots_primary_cat":"","_seopress_titles_title":"","_seopress_titles_desc":"","_seopress_robots_index":"oui","_uag_custom_page_level_css":"","site-sidebar-layout":"no-sidebar","site-content-layout":"page-builder","ast-site-content-layout":"default","site-content-style":"default","site-sidebar-style":"default","ast-global-header-display":"","ast-banner-title-visibility":"","ast-main-header-display":"","ast-hfb-above-header-display":"","ast-hfb-below-header-display":"","ast-hfb-mobile-header-display":"","site-post-title":"disabled","ast-breadcrumbs-content":"","ast-featured-img":"disabled","footer-sml-layout":"","ast-disable-related-posts":"","theme-transparent-header-meta":"default","adv-header-id-meta":"","stick-header-meta":"","header-above-stick-meta":"","header-main-stick-meta":"","header-below-stick-meta":"","astra-migrate-meta-layouts":"default","ast-page-background-enabled":"default","ast-page-background-meta":{"desktop":{"background-color":"","background-image":"","background-repeat":"repeat","background-position":"center center","background-size":"auto","background-attachment":"scroll","background-type":"","background-media":"","overlay-type":"","overlay-color":"","overlay-opacity":"","overlay-gradient":""},"tablet":{"background-color":"","background-image":"","background-repeat":"repeat","background-position":"center center","background-size":"auto","background-attachment":"scroll","background-type":"","background-media":"","overlay-type":"","overlay-color":"","overlay-opacity":"","overlay-gradient":""},"mobile":{"background-color":"","background-image":"","background-repeat":"repeat","background-position":"center center","background-size":"auto","background-attachment":"scroll","background-type":"","background-media":"","overlay-type":"","overlay-color":"","overlay-opacity":"","overlay-gradient":""}},"ast-content-background-meta":{"desktop":{"background-color":"var(--ast-global-color-5)","background-image":"","background-repeat":"repeat","background-position":"center center","background-size":"auto","background-attachment":"scroll","background-type":"","background-media":"","overlay-type":"","overlay-color":"","overlay-opacity":"","overlay-gradient":""},"tablet":{"background-color":"var(--ast-global-color-5)","background-image":"","background-repeat":"repeat","background-position":"center center","background-size":"auto","background-attachment":"scroll","background-type":"","background-media":"","overlay-type":"","overlay-color":"","overlay-opacity":"","overlay-gradient":""},"mobile":{"background-color":"var(--ast-global-color-5)","background-image":"","background-repeat":"repeat","background-position":"center center","background-size":"auto","background-attachment":"scroll","background-type":"","background-media":"","overlay-type":"","overlay-color":"","overlay-opacity":"","overlay-gradient":""}},"footnotes":""},"class_list":["post-39873","page","type-page","status-publish","hentry"],"uagb_featured_image_src":{"full":false,"thumbnail":false,"medium":false,"medium_large":false,"large":false,"1536x1536":false,"2048x2048":false},"uagb_author_info":{"display_name":"La Colmena Tecnol\u00f3gica","author_link":"https:\/\/lacolmenatecnologica.com\/fr\/author\/colmtecno\/"},"uagb_comment_info":0,"uagb_excerpt":"Politique en mati\u00e8re de cookies Ce site web utilise des cookies tiers et propres pour vous offrir une meilleure exp\u00e9rience de navigation, pour partager des contenus sur les r\u00e9seaux sociaux et pour nous permettre d&#8217;obtenir des statistiques d&#8217;utilisation. Vous pouvez emp\u00eacher le t\u00e9l\u00e9chargement de cookies par le biais des param\u00e8tres de votre navigateur, ce qui&hellip;","_links":{"self":[{"href":"https:\/\/lacolmenatecnologica.com\/fr\/wp-json\/wp\/v2\/pages\/39873","targetHints":{"allow":["GET"]}}],"collection":[{"href":"https:\/\/lacolmenatecnologica.com\/fr\/wp-json\/wp\/v2\/pages"}],"about":[{"href":"https:\/\/lacolmenatecnologica.com\/fr\/wp-json\/wp\/v2\/types\/page"}],"author":[{"embeddable":true,"href":"https:\/\/lacolmenatecnologica.com\/fr\/wp-json\/wp\/v2\/users\/6"}],"replies":[{"embeddable":true,"href":"https:\/\/lacolmenatecnologica.com\/fr\/wp-json\/wp\/v2\/comments?post=39873"}],"version-history":[{"count":0,"href":"https:\/\/lacolmenatecnologica.com\/fr\/wp-json\/wp\/v2\/pages\/39873\/revisions"}],"wp:attachment":[{"href":"https:\/\/lacolmenatecnologica.com\/fr\/wp-json\/wp\/v2\/media?parent=39873"}],"curies":[{"name":"wp","href":"https:\/\/api.w.org\/{rel}","templated":true}]}}