{"id":39871,"date":"2019-11-08T13:02:03","date_gmt":"2019-11-08T12:02:03","guid":{"rendered":"https:\/\/lacolmenatecnologica.com\/politique-de-confidentialite\/"},"modified":"2023-08-15T11:22:10","modified_gmt":"2023-08-15T09:22:10","slug":"politique-de-confidentialite","status":"publish","type":"page","link":"https:\/\/lacolmenatecnologica.com\/fr\/politique-de-confidentialite\/","title":{"rendered":"Politique de confidentialit\u00e9"},"content":{"rendered":"\t\t<div data-elementor-type=\"wp-page\" data-elementor-id=\"39871\" class=\"elementor elementor-39871 elementor-8603\" data-elementor-post-type=\"page\">\n\t\t\t\t\t\t<section class=\"elementor-section elementor-top-section elementor-element elementor-element-e6bcecc elementor-section-boxed elementor-section-height-default elementor-section-height-default\" data-id=\"e6bcecc\" data-element_type=\"section\" data-e-type=\"section\" data-settings=\"{&quot;jet_parallax_layout_list&quot;:[]}\">\n\t\t\t\t\t\t<div class=\"elementor-container elementor-column-gap-default\">\n\t\t\t\t\t<div class=\"elementor-column elementor-col-100 elementor-top-column elementor-element elementor-element-b828360\" data-id=\"b828360\" data-element_type=\"column\" data-e-type=\"column\">\n\t\t\t<div class=\"elementor-widget-wrap elementor-element-populated\">\n\t\t\t\t\t\t<div class=\"elementor-element elementor-element-16e6a6f elementor-widget elementor-widget-image\" data-id=\"16e6a6f\" data-element_type=\"widget\" data-e-type=\"widget\" data-widget_type=\"image.default\">\n\t\t\t\t<div class=\"elementor-widget-container\">\n\t\t\t\t\t\t\t\t\t\t\t\t\t\t\t<img decoding=\"async\" src=\"https:\/\/e6xg7yg7k87.exactdn.com\/wp-content\/uploads\/2019\/11\/bee.svg\" class=\"attachment-thumbnail size-thumbnail wp-image-27471\" alt=\"\" \/>\t\t\t\t\t\t\t\t\t\t\t\t\t\t\t<\/div>\n\t\t\t\t<\/div>\n\t\t\t\t<div class=\"elementor-element elementor-element-2f64f61 elementor-widget elementor-widget-text-editor\" data-id=\"2f64f61\" data-element_type=\"widget\" data-e-type=\"widget\" data-widget_type=\"text-editor.default\">\n\t\t\t\t<div class=\"elementor-widget-container\">\n\t\t\t\t\t\t\t\t\t<h2>Politique de confidentialit\u00e9<\/h2>\n<h3>Responsable du traitement &#8211; qui est le responsable du traitement des donn\u00e9es ?<\/h3>\n<p><strong>Identit\u00e9 :<\/strong> La Colmena Tecnol\u00f3gica, S.L.<br \/><strong>Si\u00e8ge social :<\/strong> Av. Jos\u00e9 Rodr\u00edguez de la Borbolla Camoy\u00e1n 7, blq. 1 &#8211; 2\u00baB, 41704, Dos Hermanas, Sevilla, Espagne<br \/><strong>NUM\u00c9RO DE TVA :<\/strong> B02670032<br \/><strong>Courriel :<\/strong> <a href=\"mailto:mario@lacolmenatecnologica.com\" target=\"_blank\" rel=\"noopener\">mario@lacolmenatecnologica.com<\/a><br \/><strong>Contact :<\/strong> Mario Su\u00e1rez Galv\u00edn<br \/><strong>Nom de domaine :<\/strong> <a href=\"https:\/\/lacolmenatecnologica.com\/fr\/\" target=\"_blank\" rel=\"noopener\">https:\/\/lacolmenatecnologica.com\/<\/a><\/p>\n<h3>Finalit\u00e9s &#8211; \u00e0 quelles fins traitons-nous vos donn\u00e9es ?<\/h3>\n<p>Conform\u00e9ment aux dispositions du R\u00e8glement g\u00e9n\u00e9ral europ\u00e9en sur la protection des donn\u00e9es 2016\/679, nous vous informons que nous traiterons les donn\u00e9es que vous nous fournissez pour :<\/p>\n<ul>\n<li>G\u00e9rer la passation de contrats de services par l&#8217;interm\u00e9diaire de la plateforme, ainsi que la facturation et la livraison correspondantes.<\/li>\n<li>Envoyer p\u00e9riodiquement des communications sur les services, les \u00e9v\u00e9nements et les nouvelles li\u00e9s aux activit\u00e9s men\u00e9es par La Colmena Tecnol\u00f3gica, S.L., par n&#8217;importe quel moyen (t\u00e9l\u00e9phone, courrier postal ou \u00e9lectronique), sauf indication contraire ou si l&#8217;utilisateur s&#8217;y oppose ou r\u00e9voque son consentement.<\/li>\n<li>Envoyer des informations commerciales et\/ou promotionnelles relatives au secteur des services contractuels et \u00e0 la valeur ajout\u00e9e pour les utilisateurs finaux, sauf indication contraire ou si l&#8217;utilisateur s&#8217;y oppose ou r\u00e9voque son consentement.<\/li>\n<li>Le respect des obligations l\u00e9gales, ainsi que la v\u00e9rification du respect des obligations contractuelles, y compris la pr\u00e9vention de la fraude.<\/li>\n<li>le transfert de donn\u00e9es \u00e0 des organismes et autorit\u00e9s, pour autant qu&#8217;ils soient tenus de le faire conform\u00e9ment aux dispositions l\u00e9gales et r\u00e9glementaires.<\/li>\n<\/ul>\n<h3>Cat\u00e9gories de donn\u00e9es &#8211; Quelles donn\u00e9es traitons-nous ?<\/h3>\n<p>En fonction des objectifs susmentionn\u00e9s, Solido.es, SL g\u00e8re les cat\u00e9gories de donn\u00e9es suivantes :<\/p>\n<ul>\n<li>Donn\u00e9es d&#8217;identification<\/li>\n<li>M\u00e9tadonn\u00e9es des communications \u00e9lectroniques<\/li>\n<li>Donn\u00e9es d&#8217;information commerciale. Dans le cas o\u00f9 l&#8217;utilisateur fournit des donn\u00e9es de tiers, il d\u00e9clare avoir obtenu leur consentement et s&#8217;engage \u00e0 leur fournir les informations contenues dans la pr\u00e9sente clause, en exon\u00e9rant Solido.es, SL de toute responsabilit\u00e9 \u00e0 cet \u00e9gard.<\/li>\n<li>Toutefois, Solido.es, SL peut proc\u00e9der \u00e0 des v\u00e9rifications pour s&#8217;en assurer, en adoptant les mesures de diligence raisonnable correspondantes, conform\u00e9ment \u00e0 la r\u00e9glementation en mati\u00e8re de protection des donn\u00e9es.<\/li>\n<\/ul>\n<h3>L\u00e9gitimation &#8211; quelle est la l\u00e9gitimation du traitement de vos donn\u00e9es ?<\/h3>\n<p>Le traitement des donn\u00e9es dans le but d&#8217;envoyer des bulletins d&#8217;information p\u00e9riodiques (newslettering) sur les services, les \u00e9v\u00e9nements et les nouvelles li\u00e9s \u00e0 notre activit\u00e9 professionnelle est bas\u00e9 sur le consentement de la personne concern\u00e9e, express\u00e9ment sollicit\u00e9 pour effectuer ce traitement, conform\u00e9ment \u00e0 la r\u00e9glementation en vigueur.<br \/>En outre, la l\u00e9gitimit\u00e9 du traitement des donn\u00e9es relatives aux offres ou aux collaborations repose sur le consentement de l&#8217;utilisateur qui soumet ses donn\u00e9es, consentement qu&#8217;il peut retirer \u00e0 tout moment, bien que cela puisse affecter l&#8217;\u00e9ventuelle fluidit\u00e9 de la communication et l&#8217;obstruction des processus qu&#8217;il souhaite mener \u00e0 bien.<br \/>Enfin, les donn\u00e9es peuvent \u00eatre utilis\u00e9es pour respecter les obligations l\u00e9gales applicables \u00e0 Solido.es, SL.<\/p>\n<h3>P\u00e9riode de conservation des donn\u00e9es &#8211; Combien de temps conserverons-nous vos donn\u00e9es ?<\/h3>\n<p>Solido.es, SL conservera les donn\u00e9es personnelles des utilisateurs uniquement pendant le temps n\u00e9cessaire \u00e0 la r\u00e9alisation des objectifs pour lesquels elles ont \u00e9t\u00e9 collect\u00e9es, tant qu&#8217;ils ne r\u00e9voqueront pas les consentements accord\u00e9s. Par la suite, si cela s&#8217;av\u00e8re n\u00e9cessaire, les informations seront bloqu\u00e9es pendant les p\u00e9riodes de temps pr\u00e9vues par la loi.<\/p>\n<h3>Destinataires A qui vos donn\u00e9es seront-elles communiqu\u00e9es ?<\/h3>\n<p>Vos donn\u00e9es peuvent \u00eatre consult\u00e9es par les prestataires qui fournissent des services \u00e0 Solido.es, SL, tels que des services d&#8217;h\u00e9bergement, des outils de marketing et des syst\u00e8mes de contenu ou d&#8217;autres professionnels, lorsque cette communication est requise par la loi ou pour l&#8217;ex\u00e9cution des services contractuels.<\/p>\n<p>Solido.es, SL a sign\u00e9 les contrats de traitement des donn\u00e9es correspondants avec chacun des fournisseurs qui fournissent des services \u00e0 Solido.es, SL, dans le but de garantir que ces fournisseurs traiteront vos donn\u00e9es conform\u00e9ment aux dispositions de la l\u00e9gislation en vigueur.<\/p>\n<p>Elles peuvent \u00e9galement \u00eatre transf\u00e9r\u00e9es aux forces et corps de s\u00e9curit\u00e9 de l&#8217;\u00c9tat dans les cas o\u00f9 il existe une obligation l\u00e9gale de le faire.<\/p>\n<p>Les banques et les institutions financi\u00e8res, pour la collecte de services.<br \/>Les administrations publiques comp\u00e9tentes dans les secteurs d&#8217;activit\u00e9, lorsque la r\u00e9glementation en vigueur le pr\u00e9voit.<\/p>\n<h3>S\u00e9curit\u00e9 de l&#8217;information &#8211; Quelles mesures de s\u00e9curit\u00e9 avons-nous mises en place pour prot\u00e9ger vos donn\u00e9es ?<\/h3>\n<p>Afin de prot\u00e9ger les diff\u00e9rents types de donn\u00e9es vis\u00e9s dans la pr\u00e9sente politique de confidentialit\u00e9, elle mettra en \u0153uvre les mesures de s\u00e9curit\u00e9 technique n\u00e9cessaires pour emp\u00eacher leur perte, leur manipulation, leur diffusion ou leur alt\u00e9ration.<\/p>\n<ul>\n<li>Chiffrement des communications entre l&#8217;appareil de l&#8217;utilisateur et les serveurs de Solido.es, SL.<\/li>\n<li>Cryptage des informations sur les serveurs de Solido.es, SL.<\/li>\n<li>Autres mesures visant \u00e0 emp\u00eacher l&#8217;acc\u00e8s aux donn\u00e9es des utilisateurs par des tiers.<\/li>\n<li>Dans les cas o\u00f9 Solido.es, SL a des fournisseurs de services pour la maintenance de la plateforme qui sont en dehors de l&#8217;Union europ\u00e9enne, ces transferts internationaux ont \u00e9t\u00e9 r\u00e9gularis\u00e9s conform\u00e9ment \u00e0 l&#8217;engagement de Solido.es, SL en mati\u00e8re de protection, d&#8217;int\u00e9grit\u00e9 et de s\u00e9curit\u00e9 des donn\u00e9es personnelles des utilisateurs.<\/li>\n<\/ul>\n<h3>Droits &#8211; Quels sont vos droits lorsque vous nous fournissez vos donn\u00e9es et comment pouvez-vous les exercer ?<\/h3>\n<p>Vous avez le droit d&#8217;obtenir la confirmation que Solido.es, SL traite ou non vos donn\u00e9es personnelles.<br \/>Vous avez \u00e9galement le droit d&#8217;acc\u00e9der \u00e0 vos donn\u00e9es personnelles, ainsi que de demander la rectification des donn\u00e9es inexactes ou, le cas \u00e9ch\u00e9ant, de demander leur suppression lorsque, entre autres raisons, les donn\u00e9es ne sont plus n\u00e9cessaires aux fins pour lesquelles elles ont \u00e9t\u00e9 collect\u00e9es.<\/p>\n<p>Dans certaines circonstances, vous pouvez nous demander de limiter le traitement de vos donn\u00e9es, auquel cas nous ne les conserverons que dans le but de poursuivre ou de d\u00e9fendre des r\u00e9clamations.<br \/>Dans certaines circonstances et pour des raisons tenant \u00e0 votre situation particuli\u00e8re, vous pouvez vous opposer au traitement de vos donn\u00e9es. Solido.es, SL cessera de traiter les donn\u00e9es, sauf pour des raisons l\u00e9gitimes imp\u00e9rieuses, ou pour l&#8217;exercice ou la d\u00e9fense d&#8217;\u00e9ventuelles r\u00e9clamations.<\/p>\n<p>Vous pouvez \u00e9galement exercer votre droit \u00e0 la portabilit\u00e9 des donn\u00e9es, ainsi que retirer les consentements fournis \u00e0 tout moment, sans que cela n&#8217;affecte la l\u00e9galit\u00e9 du traitement fond\u00e9 sur le consentement avant son retrait.<\/p>\n<p>Si vous souhaitez exercer l&#8217;un de vos droits, veuillez contacter mario@lacolmenatecnologica.com.<\/p>\n<p>Enfin, nous vous informons que vous pouvez adresser toute r\u00e9clamation d\u00e9coulant du traitement de vos donn\u00e9es personnelles \u00e0 l&#8217;Agence espagnole de protection des donn\u00e9es et \u00e0 d&#8217;autres organismes publics comp\u00e9tents.<\/p>\n<h3>Modification de la politique de confidentialit\u00e9<\/h3>\n<p>Solido.es, SL peut modifier cette politique de confidentialit\u00e9 \u00e0 tout moment, et les versions successives seront publi\u00e9es sur le site web. En tout \u00e9tat de cause, Solido.es, SL notifiera au pr\u00e9alable toute modification de la pr\u00e9sente politique affectant les utilisateurs afin qu&#8217;ils puissent l&#8217;accepter.<\/p>\n<p>La pr\u00e9sente politique de confidentialit\u00e9 est \u00e0 jour au 08\/11\/2019.<\/p>\n<p>Solido.es, SL (Espagne). Tous droits r\u00e9serv\u00e9s.<\/p>\n\t\t\t\t\t\t\t\t<\/div>\n\t\t\t\t<\/div>\n\t\t\t\t\t<\/div>\n\t\t<\/div>\n\t\t\t\t\t<\/div>\n\t\t<\/section>\n\t\t\t\t<\/div>\n\t\t","protected":false},"excerpt":{"rendered":"<p>Politique de confidentialit\u00e9 Responsable du traitement &#8211; qui est le responsable du traitement des donn\u00e9es ? Identit\u00e9 : La Colmena Tecnol\u00f3gica, S.L.Si\u00e8ge social : Av. Jos\u00e9 Rodr\u00edguez de la Borbolla Camoy\u00e1n 7, blq. 1 &#8211; 2\u00baB, 41704, Dos Hermanas, Sevilla, EspagneNUM\u00c9RO DE TVA : B02670032Courriel : mario@lacolmenatecnologica.comContact : Mario Su\u00e1rez Galv\u00ednNom de domaine : https:\/\/lacolmenatecnologica.com\/ [&hellip;]<\/p>\n","protected":false},"author":6,"featured_media":0,"parent":0,"menu_order":0,"comment_status":"closed","ping_status":"closed","template":"","meta":{"_seopress_robots_primary_cat":"","_seopress_titles_title":"","_seopress_titles_desc":"","_seopress_robots_index":"oui","_uag_custom_page_level_css":"","site-sidebar-layout":"no-sidebar","site-content-layout":"page-builder","ast-site-content-layout":"default","site-content-style":"default","site-sidebar-style":"default","ast-global-header-display":"","ast-banner-title-visibility":"","ast-main-header-display":"","ast-hfb-above-header-display":"","ast-hfb-below-header-display":"","ast-hfb-mobile-header-display":"","site-post-title":"disabled","ast-breadcrumbs-content":"","ast-featured-img":"disabled","footer-sml-layout":"","ast-disable-related-posts":"","theme-transparent-header-meta":"default","adv-header-id-meta":"","stick-header-meta":"","header-above-stick-meta":"","header-main-stick-meta":"","header-below-stick-meta":"","astra-migrate-meta-layouts":"default","ast-page-background-enabled":"default","ast-page-background-meta":{"desktop":{"background-color":"","background-image":"","background-repeat":"repeat","background-position":"center center","background-size":"auto","background-attachment":"scroll","background-type":"","background-media":"","overlay-type":"","overlay-color":"","overlay-opacity":"","overlay-gradient":""},"tablet":{"background-color":"","background-image":"","background-repeat":"repeat","background-position":"center center","background-size":"auto","background-attachment":"scroll","background-type":"","background-media":"","overlay-type":"","overlay-color":"","overlay-opacity":"","overlay-gradient":""},"mobile":{"background-color":"","background-image":"","background-repeat":"repeat","background-position":"center center","background-size":"auto","background-attachment":"scroll","background-type":"","background-media":"","overlay-type":"","overlay-color":"","overlay-opacity":"","overlay-gradient":""}},"ast-content-background-meta":{"desktop":{"background-color":"var(--ast-global-color-5)","background-image":"","background-repeat":"repeat","background-position":"center center","background-size":"auto","background-attachment":"scroll","background-type":"","background-media":"","overlay-type":"","overlay-color":"","overlay-opacity":"","overlay-gradient":""},"tablet":{"background-color":"var(--ast-global-color-5)","background-image":"","background-repeat":"repeat","background-position":"center center","background-size":"auto","background-attachment":"scroll","background-type":"","background-media":"","overlay-type":"","overlay-color":"","overlay-opacity":"","overlay-gradient":""},"mobile":{"background-color":"var(--ast-global-color-5)","background-image":"","background-repeat":"repeat","background-position":"center center","background-size":"auto","background-attachment":"scroll","background-type":"","background-media":"","overlay-type":"","overlay-color":"","overlay-opacity":"","overlay-gradient":""}},"footnotes":""},"class_list":["post-39871","page","type-page","status-publish","hentry"],"uagb_featured_image_src":{"full":false,"thumbnail":false,"medium":false,"medium_large":false,"large":false,"1536x1536":false,"2048x2048":false},"uagb_author_info":{"display_name":"La Colmena Tecnol\u00f3gica","author_link":"https:\/\/lacolmenatecnologica.com\/fr\/author\/colmtecno\/"},"uagb_comment_info":0,"uagb_excerpt":"Politique de confidentialit\u00e9 Responsable du traitement &#8211; qui est le responsable du traitement des donn\u00e9es ? Identit\u00e9 : La Colmena Tecnol\u00f3gica, S.L.Si\u00e8ge social : Av. Jos\u00e9 Rodr\u00edguez de la Borbolla Camoy\u00e1n 7, blq. 1 &#8211; 2\u00baB, 41704, Dos Hermanas, Sevilla, EspagneNUM\u00c9RO DE TVA : B02670032Courriel : mario@lacolmenatecnologica.comContact : Mario Su\u00e1rez Galv\u00ednNom de domaine : https:\/\/lacolmenatecnologica.com\/&hellip;","_links":{"self":[{"href":"https:\/\/lacolmenatecnologica.com\/fr\/wp-json\/wp\/v2\/pages\/39871","targetHints":{"allow":["GET"]}}],"collection":[{"href":"https:\/\/lacolmenatecnologica.com\/fr\/wp-json\/wp\/v2\/pages"}],"about":[{"href":"https:\/\/lacolmenatecnologica.com\/fr\/wp-json\/wp\/v2\/types\/page"}],"author":[{"embeddable":true,"href":"https:\/\/lacolmenatecnologica.com\/fr\/wp-json\/wp\/v2\/users\/6"}],"replies":[{"embeddable":true,"href":"https:\/\/lacolmenatecnologica.com\/fr\/wp-json\/wp\/v2\/comments?post=39871"}],"version-history":[{"count":0,"href":"https:\/\/lacolmenatecnologica.com\/fr\/wp-json\/wp\/v2\/pages\/39871\/revisions"}],"wp:attachment":[{"href":"https:\/\/lacolmenatecnologica.com\/fr\/wp-json\/wp\/v2\/media?parent=39871"}],"curies":[{"name":"wp","href":"https:\/\/api.w.org\/{rel}","templated":true}]}}