{"id":39599,"date":"2019-09-15T13:42:21","date_gmt":"2019-09-15T11:42:21","guid":{"rendered":"https:\/\/lacolmenatecnologica.com\/avis-juridique\/"},"modified":"2023-08-15T13:09:38","modified_gmt":"2023-08-15T11:09:38","slug":"avis-juridique","status":"publish","type":"page","link":"https:\/\/lacolmenatecnologica.com\/fr\/avis-juridique\/","title":{"rendered":"Avis juridique"},"content":{"rendered":"\t\t<div data-elementor-type=\"wp-page\" data-elementor-id=\"39599\" class=\"elementor elementor-39599 elementor-8240\" data-elementor-post-type=\"page\">\n\t\t\t\t\t\t<section class=\"elementor-section elementor-top-section elementor-element elementor-element-e6bcecc elementor-section-boxed elementor-section-height-default elementor-section-height-default\" data-id=\"e6bcecc\" data-element_type=\"section\" data-e-type=\"section\" data-settings=\"{&quot;jet_parallax_layout_list&quot;:[]}\">\n\t\t\t\t\t\t<div class=\"elementor-container elementor-column-gap-default\">\n\t\t\t\t\t<div class=\"elementor-column elementor-col-100 elementor-top-column elementor-element elementor-element-b828360\" data-id=\"b828360\" data-element_type=\"column\" data-e-type=\"column\">\n\t\t\t<div class=\"elementor-widget-wrap elementor-element-populated\">\n\t\t\t\t\t\t<div class=\"elementor-element elementor-element-16e6a6f elementor-widget elementor-widget-image\" data-id=\"16e6a6f\" data-element_type=\"widget\" data-e-type=\"widget\" data-widget_type=\"image.default\">\n\t\t\t\t<div class=\"elementor-widget-container\">\n\t\t\t\t\t\t\t\t\t\t\t\t\t\t\t<img decoding=\"async\" src=\"https:\/\/e6xg7yg7k87.exactdn.com\/wp-content\/uploads\/2019\/11\/bee.svg\" class=\"attachment-thumbnail size-thumbnail wp-image-27471\" alt=\"\" \/>\t\t\t\t\t\t\t\t\t\t\t\t\t\t\t<\/div>\n\t\t\t\t<\/div>\n\t\t\t\t<div class=\"elementor-element elementor-element-2f64f61 elementor-widget elementor-widget-text-editor\" data-id=\"2f64f61\" data-element_type=\"widget\" data-e-type=\"widget\" data-widget_type=\"text-editor.default\">\n\t\t\t\t<div class=\"elementor-widget-container\">\n\t\t\t\t\t\t\t\t\t<h2>Avis juridique et conditions d&#8217;utilisation<\/h2>\nDans cet espace, l&#8217;UTILISATEUR pourra trouver toutes les informations relatives aux conditions l\u00e9gales qui d\u00e9finissent la relation entre les utilisateurs et nous, en tant que responsables de ce site web. En tant qu&#8217;utilisateur, il est important que vous preniez connaissance de ces conditions avant de poursuivre votre navigation.\n\nLa Colmena Tecnol\u00f3gica, S.L., en tant que responsable de ce site Web, s&#8217;engage \u00e0 traiter les informations de ses utilisateurs et clients avec toutes les garanties n\u00e9cessaires et \u00e0 respecter les exigences nationales et europ\u00e9ennes qui r\u00e9gissent la collecte et l&#8217;utilisation des donn\u00e9es personnelles de ses utilisateurs. Ce site est donc strictement conforme au RGPD (R\u00c8GLEMENT (UE) 2016\/679 sur la protection des donn\u00e9es) et \u00e0 la LSSI-CE Loi 34\/2002, du 11 juillet, sur les services de la soci\u00e9t\u00e9 de l&#8217;information et le commerce \u00e9lectronique.\n<h3>CONDITIONS G\u00c9N\u00c9RALES D&#8217;UTILISATION<\/h3>\nLes pr\u00e9sentes conditions g\u00e9n\u00e9rales r\u00e9gissent l&#8217;utilisation (y compris le simple acc\u00e8s) des pages du site Web <a href=\"https:\/\/lacolmenatecnologica.com\/fr\/\" target=\"_blank\" rel=\"noopener\">https:\/\/lacolmenatecnologica.com\/<\/a> de La Colmena Tecnol\u00f3gica, S.L., ainsi que les contenus et les services qui y sont disponibles. Toute personne acc\u00e9dant au site web accepte d&#8217;\u00eatre li\u00e9e par les conditions g\u00e9n\u00e9rales en vigueur \u00e0 tout moment sur le portail.\n<h3>DONN\u00c9ES PERSONNELLES QUE NOUS COLLECTONS ET COMMENT NOUS LES COLLECTONS<\/h3>\nLire la politique de confidentialit\u00e9 <a href=\"https:\/\/lacolmenatecnologica.com\/politica-privacidad\/\" target=\"_blank\" rel=\"noopener\">https:\/\/lacolmenatecnologica.com\/politica-privacidad\/<\/a>\n<h3>ENGAGEMENTS ET OBLIGATIONS DES UTILISATEURS<\/h3>\nL&#8217;utilisateur est inform\u00e9 et accepte que l&#8217;acc\u00e8s \u00e0 ce site web n&#8217;implique en aucun cas le d\u00e9but d&#8217;une relation commerciale avec La Colmena Tecnol\u00f3gica, S.L.. Ainsi, l&#8217;utilisateur s&#8217;engage \u00e0 utiliser le site web, ses services et ses contenus sans contrevenir \u00e0 la l\u00e9gislation en vigueur, \u00e0 la bonne foi et \u00e0 l&#8217;ordre public.\n\nIl est interdit d&#8217;utiliser le site web \u00e0 des fins illicites ou pr\u00e9judiciables, ou d&#8217;une mani\u00e8re susceptible de causer des dommages ou d&#8217;entraver le fonctionnement normal du site web. En ce qui concerne le contenu de ce site web, il est interdit de le reproduire, de le distribuer ou de le modifier, en tout ou en partie, sans l&#8217;autorisation de ses propri\u00e9taires l\u00e9gitimes ; de porter atteinte aux droits du fournisseur ou des propri\u00e9taires l\u00e9gitimes ; de l&#8217;utiliser \u00e0 des fins commerciales ou publicitaires.\n\nEn utilisant le site web, l&#8217;utilisateur s&#8217;engage \u00e0 ne pas adopter de comportement susceptible de porter atteinte \u00e0 l&#8217;image, aux int\u00e9r\u00eats et aux droits de La Colmena Tecnol\u00f3gica, S.L. ou de tiers, d&#8217;endommager, de rendre inutilisable ou de surcharger le portail (indiquer le domaine) ou d&#8217;emp\u00eacher, de quelque mani\u00e8re que ce soit, l&#8217;utilisation normale du site web. Cependant, l&#8217;utilisateur doit savoir que les mesures de s\u00e9curit\u00e9 des syst\u00e8mes informatiques sur Internet ne sont pas enti\u00e8rement fiables et que, par cons\u00e9quent, La Colmena Tecnol\u00f3gica, S.L. ne peut garantir l&#8217;absence de virus ou d&#8217;autres \u00e9l\u00e9ments susceptibles de provoquer des alt\u00e9rations dans les syst\u00e8mes informatiques (logiciels et mat\u00e9riels) de l&#8217;utilisateur ou dans les documents \u00e9lectroniques et les fichiers qu&#8217;ils contiennent.\n<h3>LES MESURES DE S\u00c9CURIT\u00c9<\/h3>\nLes donn\u00e9es personnelles communiqu\u00e9es par l&#8217;utilisateur \u00e0  <a href=\"https:\/\/lacolmenatecnologica.com\/fr\/\" target=\"_blank\" rel=\"noopener\">https:\/\/lacolmenatecnologica.com\/<\/a>  peuvent \u00eatre stock\u00e9es dans des bases de donn\u00e9es automatis\u00e9es ou non automatis\u00e9es, dont la propri\u00e9t\u00e9 est exclusivement d\u00e9tenue par  <a href=\"https:\/\/lacolmenatecnologica.com\/fr\/\" target=\"_blank\" rel=\"noopener\">https:\/\/lacolmenatecnologica.com\/<\/a>Ce dernier assume toutes les mesures techniques, organisationnelles et de s\u00e9curit\u00e9 qui garantissent la confidentialit\u00e9, l&#8217;int\u00e9grit\u00e9 et la qualit\u00e9 des informations qu&#8217;il contient, conform\u00e9ment aux dispositions de la l\u00e9gislation en vigueur en mati\u00e8re de protection des donn\u00e9es.\nLa communication entre les utilisateurs et <a href=\"https:\/\/lacolmenatecnologica.com\/fr\/\" target=\"_blank\" rel=\"noopener\">https:\/\/lacolmenatecnologica.com\/<\/a> utilise un canal s\u00e9curis\u00e9, et les donn\u00e9es transmises sont crypt\u00e9es gr\u00e2ce aux protocoles <i>https<\/i>. Nous garantissons donc les meilleures conditions de s\u00e9curit\u00e9 afin d&#8217;assurer la confidentialit\u00e9 des utilisateurs.\n<h3>R\u00c9CLAMATIONS<\/h3>\nLa Colmena Tecnol\u00f3gica, S.L. informe que des formulaires de r\u00e9clamation sont \u00e0 la disposition des utilisateurs et des clients. L&#8217;utilisateur peut introduire une r\u00e9clamation en demandant un formulaire de r\u00e9clamation ou en envoyant un courrier \u00e9lectronique \u00e0 mario@lacolmenatecnologica.com en indiquant ses nom et pr\u00e9nom, le service et\/ou le produit achet\u00e9 et en pr\u00e9cisant les raisons de sa r\u00e9clamation.\n\nL&#8217;utilisateur\/acheteur peut nous informer de la plainte, soit par courrier \u00e9lectronique \u00e0 l&#8217;adresse suivante : mario@lacolmenatecnologica.com, en indiquant les d\u00e9tails suivants : Le service\/produit : Achet\u00e9 le : Nom de l&#8217;utilisateur : Adresse de l&#8217;utilisateur : Date : Motif de la plainte :\n<h3>PLATE-FORME DE R\u00c9SOLUTION DES CONFLITS<\/h3>\nSi vous souhaitez d\u00e9poser une plainte, vous pouvez \u00e9galement utiliser la plateforme de r\u00e9solution des litiges mise \u00e0 disposition par la Commission europ\u00e9enne, qui est disponible \u00e0 l&#8217;adresse suivante <a href=\"http:\/\/ec.europa.eu\/consumers\/odr\/\" target=\"_blank\" rel=\"no-follow noopener\">: http:\/\/ec.europa.eu\/consumers\/odr\/<\/a>.\n<h3>DROITS DE PROPRI\u00c9T\u00c9 INTELLECTUELLE ET INDUSTRIELLE<\/h3>\nConform\u00e9ment aux dispositions des articles 8 et 32.1, deuxi\u00e8me alin\u00e9a, de la Loi sur la Propri\u00e9t\u00e9 Intellectuelle, la reproduction, la distribution et la communication publique, y compris la mise \u00e0 disposition, de tout ou partie des contenus de ce site web, \u00e0 des fins commerciales, sur tout support et par tout moyen technique, sans l&#8217;autorisation de La Colmena Tecnol\u00f3gica, S.L. L&#8217;utilisateur s&#8217;engage \u00e0 respecter les droits de Propri\u00e9t\u00e9 Intellectuelle et Industrielle appartenant \u00e0 La Colmena Tecnol\u00f3gica, S.L., sont formellement interdits.\nL&#8217;utilisateur reconna\u00eet et accepte que l&#8217;ensemble du site Web, y compris, mais sans s&#8217;y limiter, le texte, le logiciel, le contenu (y compris la structure, la s\u00e9lection, l&#8217;arrangement et la pr\u00e9sentation de celui-ci), les podcasts, les photographies, le mat\u00e9riel audiovisuel et les graphiques, est prot\u00e9g\u00e9 par des marques, des droits d&#8217;auteur et d&#8217;autres droits l\u00e9gitimes, conform\u00e9ment aux trait\u00e9s internationaux auxquels l&#8217;Espagne est partie et \u00e0 d&#8217;autres droits de propri\u00e9t\u00e9 et lois de l&#8217;Espagne. Dans le cas o\u00f9 un utilisateur ou un tiers consid\u00e8re qu&#8217;il y a eu violation de ses droits l\u00e9gitimes de propri\u00e9t\u00e9 intellectuelle par l&#8217;introduction de certains contenus sur le site web, il doit le notifier \u00e0 La Colmena Tecnol\u00f3gica, S.L. en l&#8217;indiquant :\n<ul>\n \t<li>Les donn\u00e9es personnelles de la personne concern\u00e9e qui est le d\u00e9tenteur des droits pr\u00e9tendument viol\u00e9s, ou indiquer la repr\u00e9sentation en vertu de laquelle elle agit dans le cas o\u00f9 la plainte est d\u00e9pos\u00e9e par un tiers autre que la personne concern\u00e9e.<\/li>\n \t<li>Indiquer les contenus prot\u00e9g\u00e9s par des droits de propri\u00e9t\u00e9 intellectuelle et leur emplacement sur le site web, l&#8217;accr\u00e9ditation des droits de propri\u00e9t\u00e9 intellectuelle indiqu\u00e9s et une d\u00e9claration expresse par laquelle l&#8217;int\u00e9ress\u00e9 accepte la responsabilit\u00e9 de la v\u00e9racit\u00e9 des informations fournies dans la notification.<\/li>\n<\/ul>\n<h3>LIENS EXTERNES<\/h3>\nLes pages du site https:\/\/lacolmenatecnologica.com\/ peuvent contenir des liens vers d&#8217;autres sites et contenus appartenant \u00e0 des tiers. Le seul but des liens est de fournir \u00e0 l&#8217;utilisateur la possibilit\u00e9 d&#8217;acc\u00e9der \u00e0 ces liens. La Colmena Tecnol\u00f3gica, S.L. d\u00e9cline toute responsabilit\u00e9 quant aux r\u00e9sultats que l&#8217;utilisateur pourrait obtenir en acc\u00e9dant \u00e0 ces liens.\nDe m\u00eame, l&#8217;utilisateur trouvera sur ce site des pages, des promotions, des programmes d&#8217;affiliation qui acc\u00e8dent aux habitudes de navigation des utilisateurs afin d&#8217;\u00e9tablir des profils. Ces informations sont toujours anonymes et ne permettent pas d&#8217;identifier l&#8217;utilisateur.\n\nLes informations fournies sur ces sites sont soumises aux politiques de confidentialit\u00e9 utilis\u00e9es sur ces sites et ne sont pas soumises \u00e0 la pr\u00e9sente politique de confidentialit\u00e9. Nous encourageons donc vivement les utilisateurs \u00e0 examiner attentivement les politiques de confidentialit\u00e9 des liens affili\u00e9s.\n<h3>POLITIQUE DE COMMENTAIRES<\/h3>\nDans les parties de notre site web o\u00f9 les commentaires sont autoris\u00e9s, les commentaires qui ne sont pas li\u00e9s au sujet de ce site web, qui comprennent de la diffamation, des insultes, des injures, des attaques personnelles ou un manque de respect en g\u00e9n\u00e9ral envers l&#8217;auteur ou d&#8217;autres membres ne seront pas autoris\u00e9s. Les commentaires contenant des informations manifestement trompeuses ou fausses, ainsi que les commentaires contenant des informations personnelles, telles que des adresses priv\u00e9es ou des num\u00e9ros de t\u00e9l\u00e9phone, qui enfreignent notre politique de protection des donn\u00e9es, seront \u00e9galement supprim\u00e9s.\nLes commentaires cr\u00e9\u00e9s uniquement \u00e0 des fins de promotion d&#8217;un site web, d&#8217;une personne ou d&#8217;un groupe, ainsi que tout ce qui pourrait \u00eatre consid\u00e9r\u00e9 comme du spam en g\u00e9n\u00e9ral, seront \u00e9galement ignor\u00e9s.\nLes commentaires anonymes, ainsi que les commentaires faits par la m\u00eame personne sous diff\u00e9rents pseudonymes, ne sont pas autoris\u00e9s. Les commentaires qui tentent d&#8217;imposer un d\u00e9bat ou une position \u00e0 un autre utilisateur ne seront pas pris en consid\u00e9ration.\n<h3>EXCLUSION DES GARANTIES ET DE LA RESPONSABILIT\u00c9<\/h3>\nLe prestataire ne donne aucune garantie et ne sera en aucun cas responsable des dommages de toute nature qui pourraient \u00eatre caus\u00e9s par :\n<ul>\n \t<li>Le manque de disponibilit\u00e9, de maintenance et de fonctionnement efficace du site web, de ses services et de son contenu ;<\/li>\n \t<li>l&#8217;existence de virus, de programmes malveillants ou nuisibles dans le contenu ;<\/li>\n \t<li>Utilisation ill\u00e9gale, n\u00e9gligente, frauduleuse ou contraire aux pr\u00e9sentes mentions l\u00e9gales ;<\/li>\n \t<li>le manque de l\u00e9galit\u00e9, de qualit\u00e9, de fiabilit\u00e9, d&#8217;utilit\u00e9 et de disponibilit\u00e9 des services fournis par des tiers et mis \u00e0 la disposition des utilisateurs sur le site web.<\/li>\n \t<li>Le fournisseur n&#8217;accepte aucune responsabilit\u00e9 pour tout dommage r\u00e9sultant d&#8217;une utilisation ill\u00e9gale ou inappropri\u00e9e de ce site web.<\/li>\n<\/ul>\n<h3>DROIT APPLICABLE ET JURIDICTION<\/h3>\nEn g\u00e9n\u00e9ral, les relations entre La Colmena Tecnol\u00f3gica, S.L. et les utilisateurs de ses services sur ce site Web sont soumises \u00e0 la l\u00e9gislation et \u00e0 la juridiction espagnoles et \u00e0 ses tribunaux.\n<h3>CONTACT<\/h3>\nSi un utilisateur a des questions sur les pr\u00e9sentes conditions juridiques ou des commentaires sur le portail <a href=\"https:\/\/lacolmenatecnologica.com\/fr\/\" target=\"_blank\" rel=\"noopener\">https:\/\/lacolmenatecnologica.com\/,<\/a> il peut contacter <a href=\"mailto:mario@lacolmenatecnologica.com\" target=\"_blank\" rel=\"noopener\">mario@lacolmenatecnologica.com<\/a>.\n\nAu nom de l&#8217;\u00e9quipe de La Colmena Tecnol\u00f3gica, S.L., nous vous remercions d&#8217;avoir pris le temps de lire cet avis juridique.\t\t\t\t\t\t\t\t<\/div>\n\t\t\t\t<\/div>\n\t\t\t\t\t<\/div>\n\t\t<\/div>\n\t\t\t\t\t<\/div>\n\t\t<\/section>\n\t\t\t\t<\/div>\n\t\t","protected":false},"excerpt":{"rendered":"<p>Avis juridique et conditions d&#8217;utilisation Dans cet espace, l&#8217;UTILISATEUR pourra trouver toutes les informations relatives aux conditions l\u00e9gales qui d\u00e9finissent la relation entre les utilisateurs et nous, en tant que responsables de ce site web. En tant qu&#8217;utilisateur, il est important que vous preniez connaissance de ces conditions avant de poursuivre votre navigation. La Colmena [&hellip;]<\/p>\n","protected":false},"author":6,"featured_media":0,"parent":0,"menu_order":0,"comment_status":"closed","ping_status":"closed","template":"","meta":{"_seopress_robots_primary_cat":"","_seopress_titles_title":"","_seopress_titles_desc":"","_seopress_robots_index":"oui","_uag_custom_page_level_css":"","site-sidebar-layout":"no-sidebar","site-content-layout":"page-builder","ast-site-content-layout":"default","site-content-style":"default","site-sidebar-style":"default","ast-global-header-display":"","ast-banner-title-visibility":"","ast-main-header-display":"","ast-hfb-above-header-display":"","ast-hfb-below-header-display":"","ast-hfb-mobile-header-display":"","site-post-title":"disabled","ast-breadcrumbs-content":"","ast-featured-img":"disabled","footer-sml-layout":"","ast-disable-related-posts":"","theme-transparent-header-meta":"default","adv-header-id-meta":"","stick-header-meta":"","header-above-stick-meta":"","header-main-stick-meta":"","header-below-stick-meta":"","astra-migrate-meta-layouts":"default","ast-page-background-enabled":"default","ast-page-background-meta":{"desktop":{"background-color":"","background-image":"","background-repeat":"repeat","background-position":"center center","background-size":"auto","background-attachment":"scroll","background-type":"","background-media":"","overlay-type":"","overlay-color":"","overlay-opacity":"","overlay-gradient":""},"tablet":{"background-color":"","background-image":"","background-repeat":"repeat","background-position":"center center","background-size":"auto","background-attachment":"scroll","background-type":"","background-media":"","overlay-type":"","overlay-color":"","overlay-opacity":"","overlay-gradient":""},"mobile":{"background-color":"","background-image":"","background-repeat":"repeat","background-position":"center center","background-size":"auto","background-attachment":"scroll","background-type":"","background-media":"","overlay-type":"","overlay-color":"","overlay-opacity":"","overlay-gradient":""}},"ast-content-background-meta":{"desktop":{"background-color":"var(--ast-global-color-5)","background-image":"","background-repeat":"repeat","background-position":"center center","background-size":"auto","background-attachment":"scroll","background-type":"","background-media":"","overlay-type":"","overlay-color":"","overlay-opacity":"","overlay-gradient":""},"tablet":{"background-color":"var(--ast-global-color-5)","background-image":"","background-repeat":"repeat","background-position":"center center","background-size":"auto","background-attachment":"scroll","background-type":"","background-media":"","overlay-type":"","overlay-color":"","overlay-opacity":"","overlay-gradient":""},"mobile":{"background-color":"var(--ast-global-color-5)","background-image":"","background-repeat":"repeat","background-position":"center center","background-size":"auto","background-attachment":"scroll","background-type":"","background-media":"","overlay-type":"","overlay-color":"","overlay-opacity":"","overlay-gradient":""}},"footnotes":""},"class_list":["post-39599","page","type-page","status-publish","hentry"],"uagb_featured_image_src":{"full":false,"thumbnail":false,"medium":false,"medium_large":false,"large":false,"1536x1536":false,"2048x2048":false},"uagb_author_info":{"display_name":"La Colmena Tecnol\u00f3gica","author_link":"https:\/\/lacolmenatecnologica.com\/fr\/author\/colmtecno\/"},"uagb_comment_info":0,"uagb_excerpt":"Avis juridique et conditions d&#8217;utilisation Dans cet espace, l&#8217;UTILISATEUR pourra trouver toutes les informations relatives aux conditions l\u00e9gales qui d\u00e9finissent la relation entre les utilisateurs et nous, en tant que responsables de ce site web. En tant qu&#8217;utilisateur, il est important que vous preniez connaissance de ces conditions avant de poursuivre votre navigation. La Colmena&hellip;","_links":{"self":[{"href":"https:\/\/lacolmenatecnologica.com\/fr\/wp-json\/wp\/v2\/pages\/39599","targetHints":{"allow":["GET"]}}],"collection":[{"href":"https:\/\/lacolmenatecnologica.com\/fr\/wp-json\/wp\/v2\/pages"}],"about":[{"href":"https:\/\/lacolmenatecnologica.com\/fr\/wp-json\/wp\/v2\/types\/page"}],"author":[{"embeddable":true,"href":"https:\/\/lacolmenatecnologica.com\/fr\/wp-json\/wp\/v2\/users\/6"}],"replies":[{"embeddable":true,"href":"https:\/\/lacolmenatecnologica.com\/fr\/wp-json\/wp\/v2\/comments?post=39599"}],"version-history":[{"count":0,"href":"https:\/\/lacolmenatecnologica.com\/fr\/wp-json\/wp\/v2\/pages\/39599\/revisions"}],"wp:attachment":[{"href":"https:\/\/lacolmenatecnologica.com\/fr\/wp-json\/wp\/v2\/media?parent=39599"}],"curies":[{"name":"wp","href":"https:\/\/api.w.org\/{rel}","templated":true}]}}