{"id":34082,"date":"2020-05-10T20:00:12","date_gmt":"2020-05-10T18:00:12","guid":{"rendered":"https:\/\/lacolmenatecnologica.com\/contact\/"},"modified":"2023-08-11T21:16:07","modified_gmt":"2023-08-11T19:16:07","slug":"contact","status":"publish","type":"page","link":"https:\/\/lacolmenatecnologica.com\/fr\/contact\/","title":{"rendered":"Contact"},"content":{"rendered":"\t\t<div data-elementor-type=\"wp-page\" data-elementor-id=\"34082\" class=\"elementor elementor-34082 elementor-9470\" data-elementor-post-type=\"page\">\n\t\t\t\t\t\t<section data-dce-background-overlay-color=\"rgba(84, 39, 39, 0)\" class=\"elementor-section elementor-top-section elementor-element elementor-element-c0d8f9b elementor-section-boxed elementor-section-height-default elementor-section-height-default\" data-id=\"c0d8f9b\" data-element_type=\"section\" data-e-type=\"section\" data-settings=\"{&quot;background_background&quot;:&quot;classic&quot;,&quot;jet_parallax_layout_list&quot;:[]}\">\n\t\t\t\t\t\t\t<div class=\"elementor-background-overlay\"><\/div>\n\t\t\t\t\t\t\t<div class=\"elementor-container elementor-column-gap-extended\">\n\t\t\t\t\t<div class=\"elementor-column elementor-col-50 elementor-top-column elementor-element elementor-element-8baa36f\" data-id=\"8baa36f\" data-element_type=\"column\" data-e-type=\"column\">\n\t\t\t<div class=\"elementor-widget-wrap elementor-element-populated\">\n\t\t\t\t\t\t<section class=\"elementor-section elementor-inner-section elementor-element elementor-element-622ed88 elementor-section-boxed elementor-section-height-default elementor-section-height-default\" data-id=\"622ed88\" data-element_type=\"section\" data-e-type=\"section\" data-settings=\"{&quot;jet_parallax_layout_list&quot;:[]}\">\n\t\t\t\t\t\t<div class=\"elementor-container elementor-column-gap-default\">\n\t\t\t\t\t<div class=\"elementor-column elementor-col-50 elementor-inner-column elementor-element elementor-element-8209c90\" data-id=\"8209c90\" data-element_type=\"column\" data-e-type=\"column\">\n\t\t\t<div class=\"elementor-widget-wrap elementor-element-populated\">\n\t\t\t\t\t\t<div class=\"elementor-element elementor-element-2607e80 elementor-widget elementor-widget-text-editor\" data-id=\"2607e80\" data-element_type=\"widget\" data-e-type=\"widget\" data-widget_type=\"text-editor.default\">\n\t\t\t\t<div class=\"elementor-widget-container\">\n\t\t\t\t\t\t\t\t\t<p>Si vous avez des questions sur mes services, n&#8217;h\u00e9sitez pas \u00e0 me contacter. Remplissez le formulaire et je vous r\u00e9pondrai dans les plus brefs d\u00e9lais.<\/p>\n\t\t\t\t\t\t\t\t<\/div>\n\t\t\t\t<\/div>\n\t\t\t\t\t<\/div>\n\t\t<\/div>\n\t\t\t\t<div class=\"elementor-column elementor-col-50 elementor-inner-column elementor-element elementor-element-0de3e32\" data-id=\"0de3e32\" data-element_type=\"column\" data-e-type=\"column\">\n\t\t\t<div class=\"elementor-widget-wrap elementor-element-populated\">\n\t\t\t\t\t\t<div class=\"elementor-element elementor-element-6f87d3c elementor-widget__width-initial elementor-widget elementor-widget-image\" data-id=\"6f87d3c\" data-element_type=\"widget\" data-e-type=\"widget\" data-widget_type=\"image.default\">\n\t\t\t\t<div class=\"elementor-widget-container\">\n\t\t\t\t\t\t\t\t\t\t\t\t\t\t\t<img fetchpriority=\"high\" decoding=\"async\" width=\"657\" height=\"535\" src=\"https:\/\/e6xg7yg7k87.exactdn.com\/wp-content\/uploads\/2023\/08\/mario-suarez-tu-aliado-en-internet.jpg?strip=all&amp;quality=92&amp;webp=92&amp;avif=92\" class=\"attachment-large size-large wp-image-39677\" alt=\"Mario Su\u00e1rez - Tu Aliado en INternet\" srcset=\"https:\/\/e6xg7yg7k87.exactdn.com\/wp-content\/uploads\/2023\/08\/mario-suarez-tu-aliado-en-internet.jpg?strip=all&amp;quality=92&amp;webp=92&amp;avif=92 657w, https:\/\/e6xg7yg7k87.exactdn.com\/wp-content\/uploads\/2023\/08\/mario-suarez-tu-aliado-en-internet-300x244.jpg?strip=all&amp;quality=92&amp;webp=92&amp;avif=92 300w, https:\/\/e6xg7yg7k87.exactdn.com\/wp-content\/uploads\/2023\/08\/mario-suarez-tu-aliado-en-internet.jpg?strip=all&amp;quality=92&amp;webp=92&amp;avif=92&amp;w=131 131w, https:\/\/e6xg7yg7k87.exactdn.com\/wp-content\/uploads\/2023\/08\/mario-suarez-tu-aliado-en-internet.jpg?strip=all&amp;quality=92&amp;webp=92&amp;avif=92&amp;w=394 394w, https:\/\/e6xg7yg7k87.exactdn.com\/wp-content\/uploads\/2023\/08\/mario-suarez-tu-aliado-en-internet.jpg?strip=all&amp;quality=92&amp;webp=92&amp;avif=92&amp;w=525 525w, https:\/\/e6xg7yg7k87.exactdn.com\/wp-content\/uploads\/2023\/08\/mario-suarez-tu-aliado-en-internet.jpg?strip=all&amp;quality=92&amp;webp=92&amp;avif=92&amp;w=450 450w\" sizes=\"(max-width: 657px) 100vw, 657px\" \/>\t\t\t\t\t\t\t\t\t\t\t\t\t\t\t<\/div>\n\t\t\t\t<\/div>\n\t\t\t\t\t<\/div>\n\t\t<\/div>\n\t\t\t\t\t<\/div>\n\t\t<\/section>\n\t\t\t\t<div class=\"elementor-element elementor-element-2509e82 elementor-widget elementor-widget-heading\" data-id=\"2509e82\" data-element_type=\"widget\" data-e-type=\"widget\" data-widget_type=\"heading.default\">\n\t\t\t\t<div class=\"elementor-widget-container\">\n\t\t\t\t\t<h2 class=\"elementor-heading-title elementor-size-default\">Interagissez avec moi sur<\/h2>\t\t\t\t<\/div>\n\t\t\t\t<\/div>\n\t\t\t\t<div class=\"elementor-element elementor-element-8f06649 elementor-shape-circle e-grid-align-left elementor-grid-0 elementor-widget elementor-widget-social-icons\" data-id=\"8f06649\" data-element_type=\"widget\" data-e-type=\"widget\" data-widget_type=\"social-icons.default\">\n\t\t\t\t<div class=\"elementor-widget-container\">\n\t\t\t\t\t\t\t<div class=\"elementor-social-icons-wrapper elementor-grid\" role=\"list\">\n\t\t\t\t\t\t\t<span class=\"elementor-grid-item\" role=\"listitem\">\n\t\t\t\t\t<a class=\"elementor-icon elementor-social-icon elementor-social-icon-instagram elementor-repeater-item-bd7cca5\" href=\"https:\/\/www.instagram.com\/lacolmenatecnologica\/\" target=\"_blank\">\n\t\t\t\t\t\t<span class=\"elementor-screen-only\">Instagram<\/span>\n\t\t\t\t\t\t<i aria-hidden=\"true\" class=\"fab fa-instagram\"><\/i>\t\t\t\t\t<\/a>\n\t\t\t\t<\/span>\n\t\t\t\t\t\t\t<span class=\"elementor-grid-item\" role=\"listitem\">\n\t\t\t\t\t<a class=\"elementor-icon elementor-social-icon elementor-social-icon-facebook elementor-repeater-item-ff2b817\" href=\"https:\/\/www.facebook.com\/lacolmenatecnologica\/\" target=\"_blank\">\n\t\t\t\t\t\t<span class=\"elementor-screen-only\">Facebook<\/span>\n\t\t\t\t\t\t<i aria-hidden=\"true\" class=\"fab fa-facebook\"><\/i>\t\t\t\t\t<\/a>\n\t\t\t\t<\/span>\n\t\t\t\t\t\t\t<span class=\"elementor-grid-item\" role=\"listitem\">\n\t\t\t\t\t<a class=\"elementor-icon elementor-social-icon elementor-social-icon-twitter elementor-repeater-item-2145d90\" href=\"https:\/\/twitter.com\/LaColmenaTecno\" target=\"_blank\">\n\t\t\t\t\t\t<span class=\"elementor-screen-only\">Twitter<\/span>\n\t\t\t\t\t\t<i aria-hidden=\"true\" class=\"fab fa-twitter\"><\/i>\t\t\t\t\t<\/a>\n\t\t\t\t<\/span>\n\t\t\t\t\t\t\t<span class=\"elementor-grid-item\" role=\"listitem\">\n\t\t\t\t\t<a class=\"elementor-icon elementor-social-icon elementor-social-icon-youtube elementor-repeater-item-aa0bca2\" href=\"http:\/\/www.youtube.com\/c\/LaColmenaTecnologica\" target=\"_blank\">\n\t\t\t\t\t\t<span class=\"elementor-screen-only\">Youtube<\/span>\n\t\t\t\t\t\t<i aria-hidden=\"true\" class=\"fab fa-youtube\"><\/i>\t\t\t\t\t<\/a>\n\t\t\t\t<\/span>\n\t\t\t\t\t\t\t<span class=\"elementor-grid-item\" role=\"listitem\">\n\t\t\t\t\t<a class=\"elementor-icon elementor-social-icon elementor-social-icon-telegram elementor-repeater-item-299c25b\" href=\"https:\/\/t.me\/LaColmenaTecnologica\" target=\"_blank\">\n\t\t\t\t\t\t<span class=\"elementor-screen-only\">Telegram<\/span>\n\t\t\t\t\t\t<i aria-hidden=\"true\" class=\"fab fa-telegram\"><\/i>\t\t\t\t\t<\/a>\n\t\t\t\t<\/span>\n\t\t\t\t\t\t\t<span class=\"elementor-grid-item\" role=\"listitem\">\n\t\t\t\t\t<a class=\"elementor-icon elementor-social-icon elementor-social-icon-facebook-messenger elementor-repeater-item-baf0362\" href=\"https:\/\/m.me\/lacolmenatecnologica\" target=\"_blank\">\n\t\t\t\t\t\t<span class=\"elementor-screen-only\">Facebook-messenger<\/span>\n\t\t\t\t\t\t<i aria-hidden=\"true\" class=\"fab fa-facebook-messenger\"><\/i>\t\t\t\t\t<\/a>\n\t\t\t\t<\/span>\n\t\t\t\t\t\t\t<span class=\"elementor-grid-item\" role=\"listitem\">\n\t\t\t\t\t<a class=\"elementor-icon elementor-social-icon elementor-social-icon-whatsapp elementor-repeater-item-120407a\" href=\"https:\/\/api.whatsapp.com\/send?phone=34665561145&#038;text=Hola%2C%20tengo%20una%20pregunta\" target=\"_blank\">\n\t\t\t\t\t\t<span class=\"elementor-screen-only\">Whatsapp<\/span>\n\t\t\t\t\t\t<i aria-hidden=\"true\" class=\"fab fa-whatsapp\"><\/i>\t\t\t\t\t<\/a>\n\t\t\t\t<\/span>\n\t\t\t\t\t<\/div>\n\t\t\t\t\t\t<\/div>\n\t\t\t\t<\/div>\n\t\t\t\t\t<\/div>\n\t\t<\/div>\n\t\t\t\t<div class=\"elementor-column elementor-col-50 elementor-top-column elementor-element elementor-element-12c0777\" data-id=\"12c0777\" data-element_type=\"column\" data-e-type=\"column\">\n\t\t\t<div class=\"elementor-widget-wrap elementor-element-populated\">\n\t\t\t\t\t\t<section data-dce-background-color=\"#EFF0F6\" class=\"elementor-section elementor-inner-section elementor-element elementor-element-1127e82 elementor-section-boxed elementor-section-height-default elementor-section-height-default\" data-id=\"1127e82\" data-element_type=\"section\" data-e-type=\"section\" data-settings=\"{&quot;background_background&quot;:&quot;classic&quot;,&quot;jet_parallax_layout_list&quot;:[]}\">\n\t\t\t\t\t\t\t<div class=\"elementor-background-overlay\"><\/div>\n\t\t\t\t\t\t\t<div class=\"elementor-container elementor-column-gap-default\">\n\t\t\t\t\t<div class=\"elementor-column elementor-col-100 elementor-inner-column elementor-element elementor-element-44c90ce\" data-id=\"44c90ce\" data-element_type=\"column\" data-e-type=\"column\">\n\t\t\t<div class=\"elementor-widget-wrap elementor-element-populated\">\n\t\t\t\t\t\t<div class=\"elementor-element elementor-element-818758b elementor-widget elementor-widget-shortcode\" data-id=\"818758b\" data-element_type=\"widget\" data-e-type=\"widget\" data-widget_type=\"shortcode.default\">\n\t\t\t\t<div class=\"elementor-widget-container\">\n\t\t\t\t\t\t\t<div class=\"elementor-shortcode\"><div class=\"wpforms-container wpforms-container-full\" id=\"wpforms-200\"><form id=\"wpforms-form-200\" class=\"wpforms-validate wpforms-form wpforms-ajax-form\" data-formid=\"200\" method=\"post\" enctype=\"multipart\/form-data\" action=\"\/fr\/wp-json\/wp\/v2\/pages\/34082\" data-token=\"147393cbb91789b1014073431d650b54\" data-token-time=\"1775340871\"><noscript class=\"wpforms-error-noscript\">Please enable JavaScript in your browser to complete this form.<\/noscript><div class=\"wpforms-field-container\"><div id=\"wpforms-200-field_0-container\" class=\"wpforms-field wpforms-field-name\" data-field-id=\"0\"><label class=\"wpforms-field-label wpforms-label-hide\" for=\"wpforms-200-field_0\">Nom complet <span class=\"wpforms-required-label\">*<\/span><\/label><input type=\"text\" id=\"wpforms-200-field_0\" class=\"wpforms-field-large wpforms-field-required\" name=\"wpforms[fields][0]\" placeholder=\"Nom*\" required><\/div><div id=\"wpforms-200-field_1-container\" class=\"wpforms-field wpforms-field-email\" data-field-id=\"1\"><label class=\"wpforms-field-label wpforms-label-hide\" for=\"wpforms-200-field_1\">Courrier \u00e9lectronique <span class=\"wpforms-required-label\">*<\/span><\/label><input type=\"email\" id=\"wpforms-200-field_1\" class=\"wpforms-field-large wpforms-field-required\" name=\"wpforms[fields][1]\" placeholder=\"Courrier \u00e9lectronique*\" spellcheck=\"false\" required><\/div><div id=\"wpforms-200-field_3-container\" class=\"wpforms-field wpforms-field-phone\" data-field-id=\"3\"><label class=\"wpforms-field-label wpforms-label-hide\" for=\"wpforms-200-field_3\">T\u00e9l\u00e9phone<\/label><input type=\"tel\" id=\"wpforms-200-field_3\" class=\"wpforms-field-large\" data-rule-int-phone-field=\"true\" name=\"wpforms[fields][3]\" placeholder=\"T\u00e9l\u00e9phone\" aria-label=\"T\u00e9l\u00e9phone\" ><\/div><div id=\"wpforms-200-field_2-container\" class=\"wpforms-field wpforms-field-textarea\" data-field-id=\"2\"><label class=\"wpforms-field-label wpforms-label-hide\" for=\"wpforms-200-field_2\">Commentaire ou message <span class=\"wpforms-required-label\">*<\/span><\/label><textarea id=\"wpforms-200-field_2\" class=\"wpforms-field-medium wpforms-field-required\" name=\"wpforms[fields][2]\" placeholder=\"Commentaire ou message\" required><\/textarea><\/div><div id=\"wpforms-200-field_17-container\" class=\"wpforms-field wpforms-field-gdpr-checkbox\" data-field-id=\"17\"><label class=\"wpforms-field-label\">Accord GDPR  <span class=\"wpforms-required-label\">*<\/span><\/label><ul id=\"wpforms-200-field_17\" class=\"wpforms-field-required\"><li class=\"choice-1\"><input type=\"checkbox\" id=\"wpforms-200-field_17_1\" name=\"wpforms[fields][17][]\" value=\"Je consens \u00e0 ce que ce site web stocke les informations que j&#039;ai soumises afin de pouvoir r\u00e9pondre \u00e0 ma demande. \" required ><label class=\"wpforms-field-label-inline\" for=\"wpforms-200-field_17_1\">Je consens \u00e0 ce que ce site web stocke les informations que j'ai soumises afin de pouvoir r\u00e9pondre \u00e0 ma demande. <\/label><\/li><\/ul><\/div><\/div><!-- .wpforms-field-container --><div class=\"wpforms-field wpforms-field-hp\"><label for=\"wpforms-200-field-hp\" class=\"wpforms-field-label\">Comment<\/label><input type=\"text\" name=\"wpforms[hp]\" id=\"wpforms-200-field-hp\" class=\"wpforms-field-medium\"><\/div><div class=\"wpforms-recaptcha-container wpforms-is-recaptcha wpforms-is-recaptcha-type-v2\" ><div class=\"g-recaptcha\" data-sitekey=\"6LcPn5snAAAAAOFPSWWC_2HGY7Phom8ZH2k83ZI4\"><\/div><input type=\"text\" name=\"g-recaptcha-hidden\" class=\"wpforms-recaptcha-hidden\" style=\"position:absolute!important;clip:rect(0,0,0,0)!important;height:1px!important;width:1px!important;border:0!important;overflow:hidden!important;padding:0!important;margin:0!important;\" data-rule-recaptcha=\"1\"><\/div><div class=\"wpforms-submit-container\" ><input type=\"hidden\" name=\"wpforms[id]\" value=\"200\"><input type=\"hidden\" name=\"page_title\" value=\"\"><input type=\"hidden\" name=\"page_url\" value=\"https:\/\/lacolmenatecnologica.com\/fr\/wp-json\/wp\/v2\/pages\/34082\"><input type=\"hidden\" name=\"url_referer\" value=\"\"><button type=\"submit\" name=\"wpforms[submit]\" id=\"wpforms-submit-200\" class=\"wpforms-submit\" aria-live=\"assertive\" value=\"wpforms-submit\">ENVOYER<\/button><img decoding=\"async\" src=\"https:\/\/e6xg7yg7k87.exactdn.com\/wp-content\/plugins\/wpforms\/assets\/images\/submit-spin.svg\" class=\"wpforms-submit-spinner\" style=\"display: none;\" width=\"26\" height=\"26\" alt=\"Loading\"><\/div><\/form><\/div>  <!-- .wpforms-container --><\/div>\n\t\t\t\t\t\t<\/div>\n\t\t\t\t<\/div>\n\t\t\t\t\t<\/div>\n\t\t<\/div>\n\t\t\t\t\t<\/div>\n\t\t<\/section>\n\t\t\t\t\t<\/div>\n\t\t<\/div>\n\t\t\t\t\t<\/div>\n\t\t<\/section>\n\t\t\t\t<\/div>\n\t\t","protected":false},"excerpt":{"rendered":"<p>Si vous avez des questions sur mes services, n&#8217;h\u00e9sitez pas \u00e0 me contacter. Remplissez le formulaire et je vous r\u00e9pondrai dans les plus brefs d\u00e9lais. Interagissez avec moi sur Instagram Facebook Twitter Youtube Telegram Facebook-messenger Whatsapp<\/p>\n","protected":false},"author":6,"featured_media":27634,"parent":0,"menu_order":0,"comment_status":"closed","ping_status":"closed","template":"","meta":{"_seopress_robots_primary_cat":"","_seopress_titles_title":"","_seopress_titles_desc":"","_seopress_robots_index":"","_uag_custom_page_level_css":"","site-sidebar-layout":"no-sidebar","site-content-layout":"page-builder","ast-site-content-layout":"default","site-content-style":"default","site-sidebar-style":"default","ast-global-header-display":"","ast-banner-title-visibility":"","ast-main-header-display":"","ast-hfb-above-header-display":"","ast-hfb-below-header-display":"","ast-hfb-mobile-header-display":"","site-post-title":"disabled","ast-breadcrumbs-content":"","ast-featured-img":"disabled","footer-sml-layout":"","ast-disable-related-posts":"","theme-transparent-header-meta":"default","adv-header-id-meta":"","stick-header-meta":"","header-above-stick-meta":"","header-main-stick-meta":"","header-below-stick-meta":"","astra-migrate-meta-layouts":"default","ast-page-background-enabled":"default","ast-page-background-meta":{"desktop":{"background-color":"","background-image":"","background-repeat":"repeat","background-position":"center center","background-size":"auto","background-attachment":"scroll","background-type":"","background-media":"","overlay-type":"","overlay-color":"","overlay-opacity":"","overlay-gradient":""},"tablet":{"background-color":"","background-image":"","background-repeat":"repeat","background-position":"center center","background-size":"auto","background-attachment":"scroll","background-type":"","background-media":"","overlay-type":"","overlay-color":"","overlay-opacity":"","overlay-gradient":""},"mobile":{"background-color":"","background-image":"","background-repeat":"repeat","background-position":"center center","background-size":"auto","background-attachment":"scroll","background-type":"","background-media":"","overlay-type":"","overlay-color":"","overlay-opacity":"","overlay-gradient":""}},"ast-content-background-meta":{"desktop":{"background-color":"var(--ast-global-color-5)","background-image":"","background-repeat":"repeat","background-position":"center center","background-size":"auto","background-attachment":"scroll","background-type":"","background-media":"","overlay-type":"","overlay-color":"","overlay-opacity":"","overlay-gradient":""},"tablet":{"background-color":"var(--ast-global-color-5)","background-image":"","background-repeat":"repeat","background-position":"center center","background-size":"auto","background-attachment":"scroll","background-type":"","background-media":"","overlay-type":"","overlay-color":"","overlay-opacity":"","overlay-gradient":""},"mobile":{"background-color":"var(--ast-global-color-5)","background-image":"","background-repeat":"repeat","background-position":"center center","background-size":"auto","background-attachment":"scroll","background-type":"","background-media":"","overlay-type":"","overlay-color":"","overlay-opacity":"","overlay-gradient":""}},"footnotes":""},"class_list":["post-34082","page","type-page","status-publish","has-post-thumbnail","hentry"],"uagb_featured_image_src":{"full":["https:\/\/e6xg7yg7k87.exactdn.com\/wp-content\/uploads\/2020\/04\/mario-suarez-galvin.jpg?strip=all&quality=92&webp=92&avif=92",300,300,false],"thumbnail":["https:\/\/e6xg7yg7k87.exactdn.com\/wp-content\/uploads\/2020\/04\/mario-suarez-galvin-150x150.jpg?strip=all&quality=92&webp=92&avif=92",150,150,true],"medium":["https:\/\/e6xg7yg7k87.exactdn.com\/wp-content\/uploads\/2020\/04\/mario-suarez-galvin.jpg?strip=all&quality=92&webp=92&avif=92",300,300,true],"medium_large":["https:\/\/lacolmenatecnologica.com\/wp-content\/uploads\/2020\/04\/mario-suarez-galvin.jpg",300,300,false],"large":["https:\/\/e6xg7yg7k87.exactdn.com\/wp-content\/uploads\/2020\/04\/mario-suarez-galvin.jpg?strip=all&quality=92&webp=92&avif=92",300,300,true],"1536x1536":["https:\/\/e6xg7yg7k87.exactdn.com\/wp-content\/uploads\/2020\/04\/mario-suarez-galvin.jpg?strip=all&quality=92&webp=92&avif=92",300,300,true],"2048x2048":["https:\/\/e6xg7yg7k87.exactdn.com\/wp-content\/uploads\/2020\/04\/mario-suarez-galvin.jpg?strip=all&quality=92&webp=92&avif=92",300,300,true]},"uagb_author_info":{"display_name":"La Colmena Tecnol\u00f3gica","author_link":"https:\/\/lacolmenatecnologica.com\/fr\/author\/colmtecno\/"},"uagb_comment_info":0,"uagb_excerpt":"Si vous avez des questions sur mes services, n&#8217;h\u00e9sitez pas \u00e0 me contacter. Remplissez le formulaire et je vous r\u00e9pondrai dans les plus brefs d\u00e9lais. Interagissez avec moi sur Instagram Facebook Twitter Youtube Telegram Facebook-messenger Whatsapp","_links":{"self":[{"href":"https:\/\/lacolmenatecnologica.com\/fr\/wp-json\/wp\/v2\/pages\/34082","targetHints":{"allow":["GET"]}}],"collection":[{"href":"https:\/\/lacolmenatecnologica.com\/fr\/wp-json\/wp\/v2\/pages"}],"about":[{"href":"https:\/\/lacolmenatecnologica.com\/fr\/wp-json\/wp\/v2\/types\/page"}],"author":[{"embeddable":true,"href":"https:\/\/lacolmenatecnologica.com\/fr\/wp-json\/wp\/v2\/users\/6"}],"replies":[{"embeddable":true,"href":"https:\/\/lacolmenatecnologica.com\/fr\/wp-json\/wp\/v2\/comments?post=34082"}],"version-history":[{"count":0,"href":"https:\/\/lacolmenatecnologica.com\/fr\/wp-json\/wp\/v2\/pages\/34082\/revisions"}],"wp:featuredmedia":[{"embeddable":true,"href":"https:\/\/lacolmenatecnologica.com\/fr\/wp-json\/wp\/v2\/media\/27634"}],"wp:attachment":[{"href":"https:\/\/lacolmenatecnologica.com\/fr\/wp-json\/wp\/v2\/media?parent=34082"}],"curies":[{"name":"wp","href":"https:\/\/api.w.org\/{rel}","templated":true}]}}