{"id":33838,"date":"2020-10-31T08:17:31","date_gmt":"2020-10-31T07:17:31","guid":{"rendered":"https:\/\/lacolmenatecnologica.com\/questions-frequemment-posees\/"},"modified":"2023-08-22T20:35:05","modified_gmt":"2023-08-22T18:35:05","slug":"questions-frequemment-posees","status":"publish","type":"page","link":"https:\/\/lacolmenatecnologica.com\/fr\/questions-frequemment-posees\/","title":{"rendered":"Questions fr\u00e9quemment pos\u00e9es"},"content":{"rendered":"\n\n\n<p>M\u00eame si vous n&#8217;\u00eates int\u00e9ress\u00e9 que par l&#8217;un des cours, vous devez vous inscrire pour le suivre. Vous pouvez <a href=\"https:\/\/lacolmenatecnologica.com\/fr\/comment-annuler-les-renouvellements-automatiques\/\">annuler les renouvellements automatiques<\/a> en m\u00eame temps que vous vous inscrivez et vous aurez encore un mois pour terminer la formation.<\/p>\n\n\n\n\n\n<figure class=\"wp-block-embed is-type-video is-provider-vimeo wp-block-embed-vimeo wp-embed-aspect-16-9 wp-has-aspect-ratio\"><div class=\"wp-block-embed__wrapper\">\n<span class=\"GT1Yo7gIYPJXx4ruoqwiW5CTjvcQVsPbj7CzNxSzs8w3GiaVR0h3JBLpUFn4Fat2Ug9K8EAqdRv260MEchlmB\"><iframe src=\"https:\/\/player.vimeo.com\/video\/462304862?dnt=1&amp;app_id=122963\" width=\"500\" height=\"281\" frameborder=\"0\" allow=\"autoplay; fullscreen; picture-in-picture; clipboard-write\"><\/iframe><\/span>\n<\/div><\/figure>\n\n\n\n\n\n<figure class=\"wp-block-embed is-type-video is-provider-vimeo wp-block-embed-vimeo wp-embed-aspect-16-9 wp-has-aspect-ratio\"><div class=\"wp-block-embed__wrapper\">\n<span class=\"gQMY\"><iframe src=\"https:\/\/player.vimeo.com\/video\/462322709?dnt=1&amp;app_id=122963\" width=\"500\" height=\"281\" frameborder=\"0\" allow=\"autoplay; fullscreen; picture-in-picture; clipboard-write\"><\/iframe><\/span>\n<\/div><\/figure>\n\n\n\n\n\n<ul class=\"wp-block-list\">\n<li><strong>Prix :<\/strong> 5,00 \u20ac \/ paiement unique.<\/li>\n\n\n\n<li><strong>Payez avec Stripe ou Paypal<\/strong> dans n&#8217;importe quelle devise.<\/li>\n<\/ul>\n\n\n\n<p>Le transfert d&#8217;une licence vers un autre domaine ou la r\u00e9installation implique une s\u00e9rie de t\u00e2ches, le client prend contact et fait la demande, selon le moyen de contact (email, chat, &#8230;) il faut un certain temps pour expliquer et demander les donn\u00e9es n\u00e9cessaires pour effectuer cette migration, une fois obtenues ces donn\u00e9es il faut effectuer le changement, activer la licence dans le nouveau domaine et faire de m\u00eame avec les plugins cadeau.<\/p>\n\n\n\n<p>En cas de transfert, les licences du domaine pr\u00e9c\u00e9dent doivent \u00eatre d\u00e9sactiv\u00e9es. Enfin, vous devez \u00e9galement modifier les donn\u00e9es du domaine dans les donn\u00e9es de facturation r\u00e9currente.<\/p>\n\n\n\n<p>Je ne peux absolument pas faire tout cela gratuitement, car cela prend trop de temps. Si vous avez d\u00e9sactiv\u00e9 la licence par erreur, le co\u00fbt est le m\u00eame. Ce service n&#8217;est disponible que pour les abonn\u00e9s qui ont une licence active. Si votre licence a expir\u00e9 et est d\u00e9sactiv\u00e9e, vous devrez la racheter.<\/p>\n\n\n\n<div class=\"wp-block-buttons is-layout-flex wp-block-buttons-is-layout-flex\">\n<div class=\"wp-block-button\"><a class=\"wp-block-button__link has-background wp-element-button\" href=\"https:\/\/lacolmenatecnologica.com\/fr\/unirse\/deplacer-ou-reinstaller-la-licence\/\" style=\"border-radius:5px;background-color:#23a455\">ACHETER UNE RELOCALISATION OU UNE R\u00c9INSTALLATION<\/a><\/div>\n<\/div>\n\n\n","protected":false},"excerpt":{"rendered":"","protected":false},"author":6,"featured_media":0,"parent":0,"menu_order":0,"comment_status":"closed","ping_status":"closed","template":"","meta":{"_seopress_robots_primary_cat":"","_seopress_titles_title":"","_seopress_titles_desc":"","_seopress_robots_index":"","_seopress_analysis_target_kw":"","_uag_custom_page_level_css":"","site-sidebar-layout":"default","site-content-layout":"default","ast-site-content-layout":"default","site-content-style":"default","site-sidebar-style":"default","ast-global-header-display":"","ast-banner-title-visibility":"","ast-main-header-display":"","ast-hfb-above-header-display":"","ast-hfb-below-header-display":"","ast-hfb-mobile-header-display":"","site-post-title":"","ast-breadcrumbs-content":"","ast-featured-img":"","footer-sml-layout":"","ast-disable-related-posts":"","theme-transparent-header-meta":"default","adv-header-id-meta":"","stick-header-meta":"","header-above-stick-meta":"","header-main-stick-meta":"","header-below-stick-meta":"","astra-migrate-meta-layouts":"default","ast-page-background-enabled":"default","ast-page-background-meta":{"desktop":{"background-color":"","background-image":"","background-repeat":"repeat","background-position":"center center","background-size":"auto","background-attachment":"scroll","background-type":"","background-media":"","overlay-type":"","overlay-color":"","overlay-opacity":"","overlay-gradient":""},"tablet":{"background-color":"","background-image":"","background-repeat":"repeat","background-position":"center center","background-size":"auto","background-attachment":"scroll","background-type":"","background-media":"","overlay-type":"","overlay-color":"","overlay-opacity":"","overlay-gradient":""},"mobile":{"background-color":"","background-image":"","background-repeat":"repeat","background-position":"center center","background-size":"auto","background-attachment":"scroll","background-type":"","background-media":"","overlay-type":"","overlay-color":"","overlay-opacity":"","overlay-gradient":""}},"ast-content-background-meta":{"desktop":{"background-color":"var(--ast-global-color-5)","background-image":"","background-repeat":"repeat","background-position":"center center","background-size":"auto","background-attachment":"scroll","background-type":"","background-media":"","overlay-type":"","overlay-color":"","overlay-opacity":"","overlay-gradient":""},"tablet":{"background-color":"var(--ast-global-color-5)","background-image":"","background-repeat":"repeat","background-position":"center center","background-size":"auto","background-attachment":"scroll","background-type":"","background-media":"","overlay-type":"","overlay-color":"","overlay-opacity":"","overlay-gradient":""},"mobile":{"background-color":"var(--ast-global-color-5)","background-image":"","background-repeat":"repeat","background-position":"center center","background-size":"auto","background-attachment":"scroll","background-type":"","background-media":"","overlay-type":"","overlay-color":"","overlay-opacity":"","overlay-gradient":""}},"footnotes":""},"class_list":["post-33838","page","type-page","status-publish","hentry"],"uagb_featured_image_src":{"full":false,"thumbnail":false,"medium":false,"medium_large":false,"large":false,"1536x1536":false,"2048x2048":false},"uagb_author_info":{"display_name":"La Colmena Tecnol\u00f3gica","author_link":"https:\/\/lacolmenatecnologica.com\/fr\/author\/colmtecno\/"},"uagb_comment_info":0,"uagb_excerpt":null,"_links":{"self":[{"href":"https:\/\/lacolmenatecnologica.com\/fr\/wp-json\/wp\/v2\/pages\/33838","targetHints":{"allow":["GET"]}}],"collection":[{"href":"https:\/\/lacolmenatecnologica.com\/fr\/wp-json\/wp\/v2\/pages"}],"about":[{"href":"https:\/\/lacolmenatecnologica.com\/fr\/wp-json\/wp\/v2\/types\/page"}],"author":[{"embeddable":true,"href":"https:\/\/lacolmenatecnologica.com\/fr\/wp-json\/wp\/v2\/users\/6"}],"replies":[{"embeddable":true,"href":"https:\/\/lacolmenatecnologica.com\/fr\/wp-json\/wp\/v2\/comments?post=33838"}],"version-history":[{"count":0,"href":"https:\/\/lacolmenatecnologica.com\/fr\/wp-json\/wp\/v2\/pages\/33838\/revisions"}],"wp:attachment":[{"href":"https:\/\/lacolmenatecnologica.com\/fr\/wp-json\/wp\/v2\/media?parent=33838"}],"curies":[{"name":"wp","href":"https:\/\/api.w.org\/{rel}","templated":true}]}}