{"id":33715,"date":"2020-10-31T13:11:00","date_gmt":"2020-10-31T12:11:00","guid":{"rendered":"https:\/\/lacolmenatecnologica.com\/qui-suis-je\/"},"modified":"2023-07-16T21:05:59","modified_gmt":"2023-07-16T19:05:59","slug":"qui-suis-je","status":"publish","type":"page","link":"https:\/\/lacolmenatecnologica.com\/fr\/qui-suis-je\/","title":{"rendered":"Qui suis-je ?"},"content":{"rendered":"\t\t<div data-elementor-type=\"wp-page\" data-elementor-id=\"33715\" class=\"elementor elementor-33715 elementor-12023\" data-elementor-post-type=\"page\">\n\t\t\t\t\t\t<section class=\"elementor-section elementor-top-section elementor-element elementor-element-556e3055 elementor-section-boxed elementor-section-height-default elementor-section-height-default\" data-id=\"556e3055\" data-element_type=\"section\" data-e-type=\"section\" data-settings=\"{&quot;jet_parallax_layout_list&quot;:[]}\">\n\t\t\t\t\t\t<div class=\"elementor-container elementor-column-gap-default\">\n\t\t\t\t\t<div class=\"elementor-column elementor-col-100 elementor-top-column elementor-element elementor-element-2e1ccaa8\" data-id=\"2e1ccaa8\" data-element_type=\"column\" data-e-type=\"column\">\n\t\t\t<div class=\"elementor-widget-wrap elementor-element-populated\">\n\t\t\t\t\t\t<div class=\"elementor-element elementor-element-7da31cb2 elementor-widget elementor-widget-text-editor\" data-id=\"7da31cb2\" data-element_type=\"widget\" data-e-type=\"widget\" data-widget_type=\"text-editor.default\">\n\t\t\t\t<div class=\"elementor-widget-container\">\n\t\t\t\t\t\t\t\t\t<p><\/p>\n<div class=\"wp-block-image is-style-default\">\n<figure class=\"alignright size-large is-resized\"><img fetchpriority=\"high\" decoding=\"async\" class=\"wp-image-12027\" src=\"https:\/\/e6xg7yg7k87.exactdn.com\/wp-content\/uploads\/2020\/10\/mario-suarez.jpg?strip=all&quality=92&webp=92&avif=92\" alt=\"\" width=\"480\" height=\"320\" srcset=\"https:\/\/e6xg7yg7k87.exactdn.com\/wp-content\/uploads\/2020\/10\/mario-suarez.jpg?strip=all&amp;quality=92&amp;webp=92&amp;avif=92 960w, https:\/\/e6xg7yg7k87.exactdn.com\/wp-content\/uploads\/2020\/10\/mario-suarez-300x200.jpg?strip=all&amp;quality=92&amp;webp=92&amp;avif=92 300w, https:\/\/e6xg7yg7k87.exactdn.com\/wp-content\/uploads\/2020\/10\/mario-suarez-768x512.jpg?strip=all&amp;quality=92&amp;webp=92&amp;avif=92 768w, https:\/\/e6xg7yg7k87.exactdn.com\/wp-content\/uploads\/2020\/10\/mario-suarez-400x267.jpg?strip=all&amp;quality=92&amp;webp=92&amp;avif=92 400w, https:\/\/e6xg7yg7k87.exactdn.com\/wp-content\/uploads\/2020\/10\/mario-suarez.jpg?strip=all&amp;quality=92&amp;webp=92&amp;avif=92&amp;w=192 192w, https:\/\/e6xg7yg7k87.exactdn.com\/wp-content\/uploads\/2020\/10\/mario-suarez.jpg?strip=all&amp;quality=92&amp;webp=92&amp;avif=92&amp;w=576 576w, https:\/\/e6xg7yg7k87.exactdn.com\/wp-content\/uploads\/2020\/10\/mario-suarez.jpg?strip=all&amp;quality=92&amp;webp=92&amp;avif=92&amp;w=450 450w\" sizes=\"(max-width: 480px) 100vw, 480px\" \/><\/figure>\n<\/div>\n<p><\/p>\n<p><\/p>\n<p>Bonjour ! Je m&#8217;appelle Mario Su\u00e1rez et j&#8217;aime \u00e0 penser que les nouvelles technologies sont l\u00e0 pour nous faciliter la vie, et non l&#8217;inverse. C&#8217;est pourquoi je travaille chaque jour pour que des entreprises comme la v\u00f4tre puissent jouer avec un avantage.<\/p>\n<p><\/p>\n<p><\/p>\n<p>J&#8217;ai commenc\u00e9 ce m\u00e9tier il y a plus de 15 ans et depuis, j&#8217;ai v\u00e9cu toutes sortes de choses : j&#8217;ai travaill\u00e9 dans des endroits \u00e9tranges (comme un bateau), j&#8217;ai \u00e9vit\u00e9 des drames \u00e0 de nombreuses entreprises \u00e0 plus d&#8217;occasions que je ne peux m&#8217;en souvenir et j&#8217;ai m\u00eame cr\u00e9\u00e9 ma propre \u00e9cole.<\/p>\n<p><\/p>\n<p><\/p>\n<p>Lorsque je ne con\u00e7ois pas de sites web et que je n&#8217;aide pas d&#8217;autres entreprises \u00e0 se d\u00e9velopper, je m\u00e8ne une vie simple. Faire du sport loin de la ville, continuer \u00e0 apprendre sur tout et passer du temps avec moi-m\u00eame et mes proches sont quelques-unes des choses qui me passionnent. Je n&#8217;en ai plus besoin.<\/p>\n<p><\/p>\n<p><\/p>\n<p><\/p>\t\t\t\t\t\t\t\t<\/div>\n\t\t\t\t<\/div>\n\t\t\t\t\t<\/div>\n\t\t<\/div>\n\t\t\t\t\t<\/div>\n\t\t<\/section>\n\t\t\t\t<\/div>\n\t\t","protected":false},"excerpt":{"rendered":"<p>Bonjour ! Je m&#8217;appelle Mario Su\u00e1rez et j&#8217;aime \u00e0 penser que les nouvelles technologies sont l\u00e0 pour nous faciliter la vie, et non l&#8217;inverse. C&#8217;est pourquoi je travaille chaque jour pour que des entreprises comme la v\u00f4tre puissent jouer avec un avantage. J&#8217;ai commenc\u00e9 ce m\u00e9tier il y a plus de 15 ans et depuis, [&hellip;]<\/p>\n","protected":false},"author":6,"featured_media":0,"parent":0,"menu_order":0,"comment_status":"closed","ping_status":"closed","template":"","meta":{"_seopress_robots_primary_cat":"","_seopress_titles_title":"","_seopress_titles_desc":"","_seopress_robots_index":"","_uag_custom_page_level_css":"","site-sidebar-layout":"default","site-content-layout":"default","ast-site-content-layout":"default","site-content-style":"default","site-sidebar-style":"default","ast-global-header-display":"","ast-banner-title-visibility":"","ast-main-header-display":"","ast-hfb-above-header-display":"","ast-hfb-below-header-display":"","ast-hfb-mobile-header-display":"","site-post-title":"","ast-breadcrumbs-content":"","ast-featured-img":"","footer-sml-layout":"","ast-disable-related-posts":"","theme-transparent-header-meta":"default","adv-header-id-meta":"","stick-header-meta":"","header-above-stick-meta":"","header-main-stick-meta":"","header-below-stick-meta":"","astra-migrate-meta-layouts":"default","ast-page-background-enabled":"default","ast-page-background-meta":{"desktop":{"background-color":"","background-image":"","background-repeat":"repeat","background-position":"center center","background-size":"auto","background-attachment":"scroll","background-type":"","background-media":"","overlay-type":"","overlay-color":"","overlay-opacity":"","overlay-gradient":""},"tablet":{"background-color":"","background-image":"","background-repeat":"repeat","background-position":"center center","background-size":"auto","background-attachment":"scroll","background-type":"","background-media":"","overlay-type":"","overlay-color":"","overlay-opacity":"","overlay-gradient":""},"mobile":{"background-color":"","background-image":"","background-repeat":"repeat","background-position":"center center","background-size":"auto","background-attachment":"scroll","background-type":"","background-media":"","overlay-type":"","overlay-color":"","overlay-opacity":"","overlay-gradient":""}},"ast-content-background-meta":{"desktop":{"background-color":"var(--ast-global-color-5)","background-image":"","background-repeat":"repeat","background-position":"center center","background-size":"auto","background-attachment":"scroll","background-type":"","background-media":"","overlay-type":"","overlay-color":"","overlay-opacity":"","overlay-gradient":""},"tablet":{"background-color":"var(--ast-global-color-5)","background-image":"","background-repeat":"repeat","background-position":"center center","background-size":"auto","background-attachment":"scroll","background-type":"","background-media":"","overlay-type":"","overlay-color":"","overlay-opacity":"","overlay-gradient":""},"mobile":{"background-color":"var(--ast-global-color-5)","background-image":"","background-repeat":"repeat","background-position":"center center","background-size":"auto","background-attachment":"scroll","background-type":"","background-media":"","overlay-type":"","overlay-color":"","overlay-opacity":"","overlay-gradient":""}},"footnotes":""},"class_list":["post-33715","page","type-page","status-publish","hentry"],"uagb_featured_image_src":{"full":false,"thumbnail":false,"medium":false,"medium_large":false,"large":false,"1536x1536":false,"2048x2048":false},"uagb_author_info":{"display_name":"La Colmena Tecnol\u00f3gica","author_link":"https:\/\/lacolmenatecnologica.com\/fr\/author\/colmtecno\/"},"uagb_comment_info":0,"uagb_excerpt":"Bonjour ! Je m&#8217;appelle Mario Su\u00e1rez et j&#8217;aime \u00e0 penser que les nouvelles technologies sont l\u00e0 pour nous faciliter la vie, et non l&#8217;inverse. C&#8217;est pourquoi je travaille chaque jour pour que des entreprises comme la v\u00f4tre puissent jouer avec un avantage. J&#8217;ai commenc\u00e9 ce m\u00e9tier il y a plus de 15 ans et depuis,&hellip;","_links":{"self":[{"href":"https:\/\/lacolmenatecnologica.com\/fr\/wp-json\/wp\/v2\/pages\/33715","targetHints":{"allow":["GET"]}}],"collection":[{"href":"https:\/\/lacolmenatecnologica.com\/fr\/wp-json\/wp\/v2\/pages"}],"about":[{"href":"https:\/\/lacolmenatecnologica.com\/fr\/wp-json\/wp\/v2\/types\/page"}],"author":[{"embeddable":true,"href":"https:\/\/lacolmenatecnologica.com\/fr\/wp-json\/wp\/v2\/users\/6"}],"replies":[{"embeddable":true,"href":"https:\/\/lacolmenatecnologica.com\/fr\/wp-json\/wp\/v2\/comments?post=33715"}],"version-history":[{"count":0,"href":"https:\/\/lacolmenatecnologica.com\/fr\/wp-json\/wp\/v2\/pages\/33715\/revisions"}],"wp:attachment":[{"href":"https:\/\/lacolmenatecnologica.com\/fr\/wp-json\/wp\/v2\/media?parent=33715"}],"curies":[{"name":"wp","href":"https:\/\/api.w.org\/{rel}","templated":true}]}}