{"id":35191,"date":"2019-11-08T13:02:03","date_gmt":"2019-11-08T12:02:03","guid":{"rendered":"https:\/\/lacolmenatecnologica.com\/privacy-policy\/"},"modified":"2023-08-15T12:04:59","modified_gmt":"2023-08-15T10:04:59","slug":"privacy-policy","status":"publish","type":"page","link":"https:\/\/lacolmenatecnologica.com\/en\/privacy-policy\/","title":{"rendered":"Privacy Policy"},"content":{"rendered":"\t\t<div data-elementor-type=\"wp-page\" data-elementor-id=\"35191\" class=\"elementor elementor-35191 elementor-8603\" data-elementor-post-type=\"page\">\n\t\t\t\t\t\t<section class=\"elementor-section elementor-top-section elementor-element elementor-element-e6bcecc elementor-section-boxed elementor-section-height-default elementor-section-height-default\" data-id=\"e6bcecc\" data-element_type=\"section\" data-e-type=\"section\" data-settings=\"{&quot;jet_parallax_layout_list&quot;:[]}\">\n\t\t\t\t\t\t<div class=\"elementor-container elementor-column-gap-default\">\n\t\t\t\t\t<div class=\"elementor-column elementor-col-100 elementor-top-column elementor-element elementor-element-b828360\" data-id=\"b828360\" data-element_type=\"column\" data-e-type=\"column\">\n\t\t\t<div class=\"elementor-widget-wrap elementor-element-populated\">\n\t\t\t\t\t\t<div class=\"elementor-element elementor-element-16e6a6f elementor-widget elementor-widget-image\" data-id=\"16e6a6f\" data-element_type=\"widget\" data-e-type=\"widget\" data-widget_type=\"image.default\">\n\t\t\t\t<div class=\"elementor-widget-container\">\n\t\t\t\t\t\t\t\t\t\t\t\t\t\t\t<img decoding=\"async\" src=\"https:\/\/e6xg7yg7k87.exactdn.com\/wp-content\/uploads\/2019\/11\/bee.svg\" class=\"attachment-thumbnail size-thumbnail wp-image-27470\" alt=\"\" \/>\t\t\t\t\t\t\t\t\t\t\t\t\t\t\t<\/div>\n\t\t\t\t<\/div>\n\t\t\t\t<div class=\"elementor-element elementor-element-2f64f61 elementor-widget elementor-widget-text-editor\" data-id=\"2f64f61\" data-element_type=\"widget\" data-e-type=\"widget\" data-widget_type=\"text-editor.default\">\n\t\t\t\t<div class=\"elementor-widget-container\">\n\t\t\t\t\t\t\t\t\t<h2>Privacy Policy<\/h2>\n<h3>Controller &#8211; who is responsible for data processing?<\/h3>\n<p><strong>Identity:<\/strong> La Colmena Tecnol\u00f3gica, S.L.<br \/><strong>Registered office:<\/strong> Av. Jos\u00e9 Rodr\u00edguez de la Borbolla Camoy\u00e1n 7, blq. 1 &#8211; 2\u00baB, 41704, Dos Hermanas, Sevilla, Spain<br \/><strong>TAX ID:<\/strong> B02670032<br \/><strong>Email:<\/strong> <a href=\"mailto:mario@lacolmenatecnologica.com\" target=\"_blank\" rel=\"noopener\">mario@lacolmenatecnologica.com<\/a><br \/><strong>Contact:<\/strong> Mario Su\u00e1rez Galv\u00edn<br \/><strong>Domain name:<\/strong> <a href=\"https:\/\/lacolmenatecnologica.com\/en\/\" target=\"_blank\" rel=\"noopener\">https:\/\/lacolmenatecnologica.com\/<\/a><\/p>\n<h3>Purposes &#8211; for what purposes do we process your data?<\/h3>\n<p>In compliance with the provisions of the European Regulation 2016\/679 General Data Protection Regulation, we inform you that we will process the data you provide for:<\/p>\n<ul>\n<li>Manage the contracting of services through the Platform, as well as the corresponding invoicing and delivery.<\/li>\n<li>Periodically send communications about services, events and news related to the activities developed by La Colmena Tecnol\u00f3gica, S.L., by any means (telephone, mail or email), unless otherwise indicated or the user opposes or revokes his consent.<\/li>\n<li>To send commercial and \/ or promotional information related to the contracted services sector and added value for end users, unless otherwise indicated or the user objects or revokes his consent.<\/li>\n<li>Compliance with legally established obligations, as well as verification of compliance with contractual obligations, included fraud prevention.<\/li>\n<li>Transfer of data to agencies and authorities, as long as they are required in accordance with legal and regulatory provisions.<\/li>\n<\/ul>\n<h3>Data categories &#8211; What data do we process?<\/h3>\n<p>Derived from the aforementioned purposes, in Solido.es, SL we manage the following categories of data:<\/p>\n<ul>\n<li>Identification data<\/li>\n<li>Electronic communications metadata<\/li>\n<li>Commercial information data. In case the user provides data of third parties, he\/she declares to have their consent and agrees to transfer the information contained in this clause, exempting Solido.es, SL from any liability in this regard.<\/li>\n<li>However, Solido.es, SL may carry out verifications to verify this fact, adopting the corresponding due diligence measures, in accordance with data protection regulations.<\/li>\n<\/ul>\n<h3>Legitimation &#8211; what is the legitimacy for the processing of your data?<\/h3>\n<p>The processing of data for the purpose of sending periodic newsletters (newslettering) on services, events and news related to our professional activity is based on the consent of the data subject, expressly requested to carry out such processing, in accordance with current regulations.<br \/>In addition, the legitimacy for the processing of data related to offers or collaborations are based on the consent of the user who sends his data, which can be withdrawn at any time, although this may affect the possible smooth communication and obstruction of processes you want to perform.<br \/>Finally, the data may be used to comply with the legal obligations applicable to Solido.es, SL.<\/p>\n<h3>Data Retention Period &#8211; How long will we keep your data?<\/h3>\n<p>Solido.es, SL will keep the personal data of users only for the time necessary to carry out the purposes for which they were collected, while not revoke the consents granted. Subsequently, if necessary, it will keep the information blocked for the legally established periods of time.<\/p>\n<h3>Recipients To which recipients will your data be communicated?<\/h3>\n<p>Your data may be accessed by those providers who provide services to Solido.es, SL, such as hosting services, marketing tools and content systems or other professionals, when such communication is required by law, or for the execution of contracted services.<\/p>\n<p>Solido.es, SL, has signed the corresponding contracts with each of the suppliers that provide services to Solido.es, SL, in order to ensure that such suppliers will treat your data in accordance with the provisions of current legislation.<\/p>\n<p>They may also be transferred to the State Security Forces and Corps in cases where there is a legal obligation.<\/p>\n<p>Banks and financial entities, for the collection of services.<br \/>Public administrations with competence in the sectors of activity, when so established by the regulations in force.<\/p>\n<h3>Information Security &#8211; What security measures do we implement to protect your data?<\/h3>\n<p>To protect the different types of data reflected in this privacy policy will carry out the necessary technical security measures to prevent their loss, manipulation, dissemination or alteration.<\/p>\n<ul>\n<li>Encryption of communications between the user&#8217;s device and Solido.es, SL servers.<\/li>\n<li>Encryption of the information in Solido.es, SL&#8217;s own servers.<\/li>\n<li>Other measures to prevent access to user data by third parties.<\/li>\n<li>In those cases in which Solido.es, SL has service providers for the maintenance of the platform that are outside the European Union, these international transfers have been regularized in response to the commitment of Solido.es, SL with the protection, integrity and security of personal data of users.<\/li>\n<\/ul>\n<h3>Rights &#8211; What are your rights when you provide us with your data and how can you exercise them?<\/h3>\n<p>You have the right to obtain confirmation as to whether or not Solido.es, SL is processing your personal data.<br \/>You also have the right to access your personal data, as well as to request the rectification of inaccurate data or, where appropriate, to request its deletion when, among other reasons, the data is no longer necessary for the purposes for which it was collected.<\/p>\n<p>In certain circumstances, you may request the limitation of the processing of your data, in which case we will only keep them for the exercise or defense of claims.<br \/>In certain circumstances and for reasons related to your particular situation, you may object to the processing of your data. Solido.es, SL will stop processing the data, except for compelling legitimate reasons, or the exercise or defense of possible claims.<\/p>\n<p>You may also exercise the right to data portability, as well as withdraw the consents provided at any time, without affecting the lawfulness of the processing based on the consent prior to its withdrawal.<\/p>\n<p>If you wish to exercise any of your rights, please contact mario@lacolmenatecnologica.com.<\/p>\n<p>Finally, we inform you that you can address to the Spanish Data Protection Agency and other competent public bodies for any claim arising from the processing of your personal data.<\/p>\n<h3>Modification of the privacy policy<\/h3>\n<p>Solido.es, SL may modify this Privacy Policy at any time, being the successive versions published on the Web Site. In any case, Solido.es, SL will communicate with previous notice the modifications of the present policy that affect the users so that they can accept them.<\/p>\n<p>This Privacy Policy is current as of 08\/11\/2019.<\/p>\n<p>Solido.es, SL (Spain). All rights reserved.<\/p>\n\t\t\t\t\t\t\t\t<\/div>\n\t\t\t\t<\/div>\n\t\t\t\t\t<\/div>\n\t\t<\/div>\n\t\t\t\t\t<\/div>\n\t\t<\/section>\n\t\t\t\t<\/div>\n\t\t","protected":false},"excerpt":{"rendered":"<p>Privacy Policy Controller &#8211; who is responsible for data processing? Identity: La Colmena Tecnol\u00f3gica, S.L.Registered office: Av. Jos\u00e9 Rodr\u00edguez de la Borbolla Camoy\u00e1n 7, blq. 1 &#8211; 2\u00baB, 41704, Dos Hermanas, Sevilla, SpainTAX ID: B02670032Email: mario@lacolmenatecnologica.comContact: Mario Su\u00e1rez Galv\u00ednDomain name: https:\/\/lacolmenatecnologica.com\/ Purposes &#8211; for what purposes do we process your data? In compliance with the [&hellip;]<\/p>\n","protected":false},"author":6,"featured_media":0,"parent":0,"menu_order":0,"comment_status":"closed","ping_status":"closed","template":"","meta":{"_seopress_robots_primary_cat":"","_seopress_titles_title":"","_seopress_titles_desc":"","_seopress_robots_index":"yes","_uag_custom_page_level_css":"","site-sidebar-layout":"no-sidebar","site-content-layout":"page-builder","ast-site-content-layout":"default","site-content-style":"default","site-sidebar-style":"default","ast-global-header-display":"","ast-banner-title-visibility":"","ast-main-header-display":"","ast-hfb-above-header-display":"","ast-hfb-below-header-display":"","ast-hfb-mobile-header-display":"","site-post-title":"disabled","ast-breadcrumbs-content":"","ast-featured-img":"disabled","footer-sml-layout":"","ast-disable-related-posts":"","theme-transparent-header-meta":"default","adv-header-id-meta":"","stick-header-meta":"","header-above-stick-meta":"","header-main-stick-meta":"","header-below-stick-meta":"","astra-migrate-meta-layouts":"default","ast-page-background-enabled":"default","ast-page-background-meta":{"desktop":{"background-color":"","background-image":"","background-repeat":"repeat","background-position":"center center","background-size":"auto","background-attachment":"scroll","background-type":"","background-media":"","overlay-type":"","overlay-color":"","overlay-opacity":"","overlay-gradient":""},"tablet":{"background-color":"","background-image":"","background-repeat":"repeat","background-position":"center center","background-size":"auto","background-attachment":"scroll","background-type":"","background-media":"","overlay-type":"","overlay-color":"","overlay-opacity":"","overlay-gradient":""},"mobile":{"background-color":"","background-image":"","background-repeat":"repeat","background-position":"center center","background-size":"auto","background-attachment":"scroll","background-type":"","background-media":"","overlay-type":"","overlay-color":"","overlay-opacity":"","overlay-gradient":""}},"ast-content-background-meta":{"desktop":{"background-color":"var(--ast-global-color-5)","background-image":"","background-repeat":"repeat","background-position":"center center","background-size":"auto","background-attachment":"scroll","background-type":"","background-media":"","overlay-type":"","overlay-color":"","overlay-opacity":"","overlay-gradient":""},"tablet":{"background-color":"var(--ast-global-color-5)","background-image":"","background-repeat":"repeat","background-position":"center center","background-size":"auto","background-attachment":"scroll","background-type":"","background-media":"","overlay-type":"","overlay-color":"","overlay-opacity":"","overlay-gradient":""},"mobile":{"background-color":"var(--ast-global-color-5)","background-image":"","background-repeat":"repeat","background-position":"center center","background-size":"auto","background-attachment":"scroll","background-type":"","background-media":"","overlay-type":"","overlay-color":"","overlay-opacity":"","overlay-gradient":""}},"footnotes":""},"class_list":["post-35191","page","type-page","status-publish","hentry"],"uagb_featured_image_src":{"full":false,"thumbnail":false,"medium":false,"medium_large":false,"large":false,"1536x1536":false,"2048x2048":false},"uagb_author_info":{"display_name":"La Colmena Tecnol\u00f3gica","author_link":"https:\/\/lacolmenatecnologica.com\/en\/author\/colmtecno\/"},"uagb_comment_info":0,"uagb_excerpt":"Privacy Policy Controller &#8211; who is responsible for data processing? Identity: La Colmena Tecnol\u00f3gica, S.L.Registered office: Av. Jos\u00e9 Rodr\u00edguez de la Borbolla Camoy\u00e1n 7, blq. 1 &#8211; 2\u00baB, 41704, Dos Hermanas, Sevilla, SpainTAX ID: B02670032Email: mario@lacolmenatecnologica.comContact: Mario Su\u00e1rez Galv\u00ednDomain name: https:\/\/lacolmenatecnologica.com\/ Purposes &#8211; for what purposes do we process your data? In compliance with the&hellip;","_links":{"self":[{"href":"https:\/\/lacolmenatecnologica.com\/en\/wp-json\/wp\/v2\/pages\/35191","targetHints":{"allow":["GET"]}}],"collection":[{"href":"https:\/\/lacolmenatecnologica.com\/en\/wp-json\/wp\/v2\/pages"}],"about":[{"href":"https:\/\/lacolmenatecnologica.com\/en\/wp-json\/wp\/v2\/types\/page"}],"author":[{"embeddable":true,"href":"https:\/\/lacolmenatecnologica.com\/en\/wp-json\/wp\/v2\/users\/6"}],"replies":[{"embeddable":true,"href":"https:\/\/lacolmenatecnologica.com\/en\/wp-json\/wp\/v2\/comments?post=35191"}],"version-history":[{"count":0,"href":"https:\/\/lacolmenatecnologica.com\/en\/wp-json\/wp\/v2\/pages\/35191\/revisions"}],"wp:attachment":[{"href":"https:\/\/lacolmenatecnologica.com\/en\/wp-json\/wp\/v2\/media?parent=35191"}],"curies":[{"name":"wp","href":"https:\/\/api.w.org\/{rel}","templated":true}]}}